{"id":833,"date":"2026-02-20T16:04:13","date_gmt":"2026-02-20T15:04:13","guid":{"rendered":"http:\/\/ehpadpedoya.fr\/?page_id=833"},"modified":"2026-02-20T16:05:50","modified_gmt":"2026-02-20T15:05:50","slug":"accessibilite","status":"publish","type":"page","link":"https:\/\/ehpadpedoya.fr\/?page_id=833","title":{"rendered":"Accessibilit\u00e9"},"content":{"rendered":"\n<p>Cette page n\u2019est pas une page d\u2019aide, mais une d\u00e9claration de conformit\u00e9 au&nbsp;RGAA&nbsp;4.1&nbsp;qui vise \u00e0 d\u00e9finir le niveau d\u2019accessibilit\u00e9 g\u00e9n\u00e9ral constat\u00e9 sur le site conform\u00e9ment \u00e0 la r\u00e9glementation. Cette page est obligatoire pour \u00eatre conforme au RGAA 4.1<\/p>\n\n\n\n<h2 class=\"wp-block-heading\">Qu\u2019est-ce que l\u2019accessibilit\u00e9 num\u00e9rique ?<\/h2>\n\n\n\n<p>Un site web accessible est un site qui permet \u00e0 tous les internautes d\u2019acc\u00e9der \u00e0 ses contenus sans difficult\u00e9, y compris aux personnes qui pr\u00e9sentent un handicap et utilisent des logiciels ou mat\u00e9riels sp\u00e9cialis\u00e9s.<\/p>\n\n\n\n<p>Un site accessible permet par exemple de&nbsp;:<\/p>\n\n\n\n<ul class=\"wp-block-list\">\n<li>Naviguer avec des synth\u00e8ses vocales ou des plages braille (notamment utilis\u00e9es par les internautes aveugles ou malvoyants).<\/li>\n\n\n\n<li>Personnaliser l\u2019affichage du site selon ses besoins (grossissement des caract\u00e8res, modification des couleurs, etc.).<\/li>\n\n\n\n<li>Naviguer sans utiliser la souris, avec le clavier uniquement ou via un \u00e9cran tactile.<\/li>\n<\/ul>\n\n\n\n<h2 class=\"wp-block-heading\">D\u00e9claration d\u2019accessibilit\u00e9<\/h2>\n\n\n\n<p>Le CDG09 s\u2019engage \u00e0 rendre ses sites internet accessibles conform\u00e9ment \u00e0 l\u2019article 47 de la loi n\u00b0 2005-102 du 11 f\u00e9vrier 2005.<\/p>\n\n\n\n<p>\u00c0 cette fin, le CDG09 est en cours de r\u00e9daction de son sch\u00e9ma pluriannuel de mise en accessibilit\u00e9 &nbsp;pour &nbsp;la strat\u00e9gie et le plan d\u2019action \u00e0 mettre en \u0153uvre.<\/p>\n\n\n\n<p>Cette d\u00e9claration d\u2019accessibilit\u00e9 s\u2019applique \u00e0 au site web www.CDG09.fr<\/p>\n\n\n\n<h2 class=\"wp-block-heading\">\u00c9tat de conformit\u00e9<\/h2>\n\n\n\n<p>www.CDG09.FR&nbsp;n\u2019est actuellement pas en conformit\u00e9 avec le&nbsp;<a href=\"https:\/\/numerique.gouv.fr\/publications\/rgaa-accessibilite\/\">r\u00e9f\u00e9rentiel g\u00e9n\u00e9ral d\u2019am\u00e9lioration de l\u2019accessibilit\u00e9 (RGAA)<\/a>. L\u2019audit de conformit\u00e9 sera prochainement planifi\u00e9. Des corrections seront prises en compte suite \u00e0 l\u2019audit.<\/p>\n\n\n\n<h2 class=\"wp-block-heading\">Droit \u00e0 la compensation<\/h2>\n\n\n\n<p>Dans l\u2019attente d\u2019une mise en conformit\u00e9 totale, vous pouvez obtenir une version accessible des documents ou des informations qui y seraient contenues en envoyant une demande par mail \u00e0 support@cdg09.fr en indiquant le nom du document concern\u00e9 et\/ou les informations que vous souhaiteriez obtenir. Les informations demand\u00e9es vous seront transmises dans les meilleurs d\u00e9lais.<\/p>\n\n\n\n<h2 class=\"wp-block-heading\">Am\u00e9lioration et contact<\/h2>\n\n\n\n<p>Vous pouvez nous aider \u00e0 am\u00e9liorer l\u2019accessibilit\u00e9 du site en nous signalant les probl\u00e8mes \u00e9ventuels que vous rencontrez. Pour ce faire, envoyez-nous un mail \u00e0 support@cdg09.fr.<\/p>\n\n\n\n<h2 class=\"wp-block-heading\">D\u00e9fenseur des droits<\/h2>\n\n\n\n<p>Si vous constatez un d\u00e9faut d\u2019accessibilit\u00e9 vous emp\u00eachant d\u2019acc\u00e9der \u00e0 un contenu ou une fonctionnalit\u00e9 du site, que vous nous le signalez et que vous ne parvenez pas \u00e0 obtenir une r\u00e9ponse rapide de notre part, vous \u00eates en droit de faire parvenir vos dol\u00e9ances ou une demande de saisine au D\u00e9fenseur des droits. Plusieurs moyens sont \u00e0 votre disposition :<\/p>\n\n\n\n<ul class=\"wp-block-list\">\n<li>un <a href=\"https:\/\/formulaire.defenseurdesdroits.fr\/formulaire_saisine\/\" target=\"_blank\" rel=\"noreferrer noopener\">formulaire de contact<\/a> \u00a0;<\/li>\n\n\n\n<li>la <a href=\"https:\/\/www.defenseurdesdroits.fr\/fr\/saisir\/delegues\" target=\"_blank\" rel=\"noreferrer noopener\">liste des d\u00e9l\u00e9gu\u00e9s de votre r\u00e9gion<\/a> avec leurs informations de contact directs ;<\/li>\n\n\n\n<li>un num\u00e9ro de t\u00e9l\u00e9phone : le 09 69 39 00 00 du lundi au vendredi de 8h00 \u00e0 20h00 (co\u00fbt d\u2019un appel local) ;<\/li>\n\n\n\n<li>une adresse postale dans l\u2019<a href=\"https:\/\/lannuaire.service-public.fr\/autorites-independantes\/autorite-administrative-independante_195381\" target=\"_blank\" rel=\"noreferrer noopener\">annuaire de l\u2019administration<\/a><\/li>\n<\/ul>\n\n\n\n<p>Mis \u00e0 jour le 20\/02\/2026<\/p>\n","protected":false},"excerpt":{"rendered":"<p>Cette page n\u2019est pas une page d\u2019aide, mais une d\u00e9claration de conformit\u00e9 au&nbsp;RGAA&nbsp;4.1&nbsp;qui vise \u00e0 d\u00e9finir le niveau d\u2019accessibilit\u00e9 g\u00e9n\u00e9ral constat\u00e9 sur le site conform\u00e9ment &hellip; <\/p>\n","protected":false},"author":2,"featured_media":0,"parent":0,"menu_order":0,"comment_status":"closed","ping_status":"closed","template":"","meta":{"ngg_post_thumbnail":0,"footnotes":""},"class_list":["post-833","page","type-page","status-publish","hentry","latest_post"],"yoast_head":"<!-- This site is optimized with the Yoast SEO plugin v27.3 - https:\/\/yoast.com\/product\/yoast-seo-wordpress\/ -->\n<title>Accessibilit\u00e9 - R\u00e9sidence G\u00e9n\u00e9ral Gustave PEDOYA<\/title>\n<meta name=\"robots\" content=\"index, follow, max-snippet:-1, max-image-preview:large, max-video-preview:-1\" \/>\n<link rel=\"canonical\" href=\"https:\/\/ehpadpedoya.fr\/?page_id=833\" \/>\n<meta property=\"og:locale\" content=\"fr_FR\" \/>\n<meta property=\"og:type\" content=\"article\" \/>\n<meta property=\"og:title\" content=\"Accessibilit\u00e9 - R\u00e9sidence G\u00e9n\u00e9ral Gustave PEDOYA\" \/>\n<meta property=\"og:description\" content=\"Cette page n\u2019est pas une page d\u2019aide, mais une d\u00e9claration de conformit\u00e9 au&nbsp;RGAA&nbsp;4.1&nbsp;qui vise \u00e0 d\u00e9finir le niveau d\u2019accessibilit\u00e9 g\u00e9n\u00e9ral constat\u00e9 sur le site conform\u00e9ment &hellip;\" \/>\n<meta property=\"og:url\" content=\"https:\/\/ehpadpedoya.fr\/?page_id=833\" \/>\n<meta property=\"og:site_name\" content=\"R\u00e9sidence G\u00e9n\u00e9ral Gustave PEDOYA\" \/>\n<meta property=\"article:modified_time\" content=\"2026-02-20T15:05:50+00:00\" \/>\n<meta name=\"twitter:card\" content=\"summary_large_image\" \/>\n<meta name=\"twitter:label1\" content=\"Dur\u00e9e de lecture estim\u00e9e\" \/>\n\t<meta name=\"twitter:data1\" content=\"3 minutes\" \/>\n<script type=\"application\/ld+json\" class=\"yoast-schema-graph\">{\"@context\":\"https:\\\/\\\/schema.org\",\"@graph\":[{\"@type\":\"WebPage\",\"@id\":\"https:\\\/\\\/ehpadpedoya.fr\\\/?page_id=833\",\"url\":\"https:\\\/\\\/ehpadpedoya.fr\\\/?page_id=833\",\"name\":\"Accessibilit\u00e9 - R\u00e9sidence G\u00e9n\u00e9ral Gustave PEDOYA\",\"isPartOf\":{\"@id\":\"https:\\\/\\\/ehpadpedoya.fr\\\/#website\"},\"datePublished\":\"2026-02-20T15:04:13+00:00\",\"dateModified\":\"2026-02-20T15:05:50+00:00\",\"breadcrumb\":{\"@id\":\"https:\\\/\\\/ehpadpedoya.fr\\\/?page_id=833#breadcrumb\"},\"inLanguage\":\"fr-FR\",\"potentialAction\":[{\"@type\":\"ReadAction\",\"target\":[\"https:\\\/\\\/ehpadpedoya.fr\\\/?page_id=833\"]}]},{\"@type\":\"BreadcrumbList\",\"@id\":\"https:\\\/\\\/ehpadpedoya.fr\\\/?page_id=833#breadcrumb\",\"itemListElement\":[{\"@type\":\"ListItem\",\"position\":1,\"name\":\"Accueil\",\"item\":\"https:\\\/\\\/ehpadpedoya.fr\\\/\"},{\"@type\":\"ListItem\",\"position\":2,\"name\":\"Accessibilit\u00e9\"}]},{\"@type\":\"WebSite\",\"@id\":\"https:\\\/\\\/ehpadpedoya.fr\\\/#website\",\"url\":\"https:\\\/\\\/ehpadpedoya.fr\\\/\",\"name\":\"R\u00e9sidence G\u00e9n\u00e9ral Gustave P\u00e9doya\",\"description\":\"&quot;un cadre familial, un accompagnement personnalis\u00e9, une maison pour bien vivre ensemble&quot;\",\"publisher\":{\"@id\":\"https:\\\/\\\/ehpadpedoya.fr\\\/#organization\"},\"potentialAction\":[{\"@type\":\"SearchAction\",\"target\":{\"@type\":\"EntryPoint\",\"urlTemplate\":\"https:\\\/\\\/ehpadpedoya.fr\\\/?s={search_term_string}\"},\"query-input\":{\"@type\":\"PropertyValueSpecification\",\"valueRequired\":true,\"valueName\":\"search_term_string\"}}],\"inLanguage\":\"fr-FR\"},{\"@type\":\"Organization\",\"@id\":\"https:\\\/\\\/ehpadpedoya.fr\\\/#organization\",\"name\":\"R\u00e9sidence G\u00e9n\u00e9ral Gustave P\u00e9doya\",\"url\":\"https:\\\/\\\/ehpadpedoya.fr\\\/\",\"logo\":{\"@type\":\"ImageObject\",\"inLanguage\":\"fr-FR\",\"@id\":\"https:\\\/\\\/ehpadpedoya.fr\\\/#\\\/schema\\\/logo\\\/image\\\/\",\"url\":\"https:\\\/\\\/ehpadpedoya.fr\\\/wp-content\\\/uploads\\\/2025\\\/05\\\/cropped-Capture-decran-2025-05-14-155737.png\",\"contentUrl\":\"https:\\\/\\\/ehpadpedoya.fr\\\/wp-content\\\/uploads\\\/2025\\\/05\\\/cropped-Capture-decran-2025-05-14-155737.png\",\"width\":184,\"height\":189,\"caption\":\"R\u00e9sidence G\u00e9n\u00e9ral Gustave P\u00e9doya\"},\"image\":{\"@id\":\"https:\\\/\\\/ehpadpedoya.fr\\\/#\\\/schema\\\/logo\\\/image\\\/\"}}]}<\/script>\n<!-- \/ Yoast SEO plugin. -->","yoast_head_json":{"title":"Accessibilit\u00e9 - R\u00e9sidence G\u00e9n\u00e9ral Gustave PEDOYA","robots":{"index":"index","follow":"follow","max-snippet":"max-snippet:-1","max-image-preview":"max-image-preview:large","max-video-preview":"max-video-preview:-1"},"canonical":"https:\/\/ehpadpedoya.fr\/?page_id=833","og_locale":"fr_FR","og_type":"article","og_title":"Accessibilit\u00e9 - R\u00e9sidence G\u00e9n\u00e9ral Gustave PEDOYA","og_description":"Cette page n\u2019est pas une page d\u2019aide, mais une d\u00e9claration de conformit\u00e9 au&nbsp;RGAA&nbsp;4.1&nbsp;qui vise \u00e0 d\u00e9finir le niveau d\u2019accessibilit\u00e9 g\u00e9n\u00e9ral constat\u00e9 sur le site conform\u00e9ment &hellip;","og_url":"https:\/\/ehpadpedoya.fr\/?page_id=833","og_site_name":"R\u00e9sidence G\u00e9n\u00e9ral Gustave PEDOYA","article_modified_time":"2026-02-20T15:05:50+00:00","twitter_card":"summary_large_image","twitter_misc":{"Dur\u00e9e de lecture estim\u00e9e":"3 minutes"},"schema":{"@context":"https:\/\/schema.org","@graph":[{"@type":"WebPage","@id":"https:\/\/ehpadpedoya.fr\/?page_id=833","url":"https:\/\/ehpadpedoya.fr\/?page_id=833","name":"Accessibilit\u00e9 - R\u00e9sidence G\u00e9n\u00e9ral Gustave PEDOYA","isPartOf":{"@id":"https:\/\/ehpadpedoya.fr\/#website"},"datePublished":"2026-02-20T15:04:13+00:00","dateModified":"2026-02-20T15:05:50+00:00","breadcrumb":{"@id":"https:\/\/ehpadpedoya.fr\/?page_id=833#breadcrumb"},"inLanguage":"fr-FR","potentialAction":[{"@type":"ReadAction","target":["https:\/\/ehpadpedoya.fr\/?page_id=833"]}]},{"@type":"BreadcrumbList","@id":"https:\/\/ehpadpedoya.fr\/?page_id=833#breadcrumb","itemListElement":[{"@type":"ListItem","position":1,"name":"Accueil","item":"https:\/\/ehpadpedoya.fr\/"},{"@type":"ListItem","position":2,"name":"Accessibilit\u00e9"}]},{"@type":"WebSite","@id":"https:\/\/ehpadpedoya.fr\/#website","url":"https:\/\/ehpadpedoya.fr\/","name":"R\u00e9sidence G\u00e9n\u00e9ral Gustave P\u00e9doya","description":"&quot;un cadre familial, un accompagnement personnalis\u00e9, une maison pour bien vivre ensemble&quot;","publisher":{"@id":"https:\/\/ehpadpedoya.fr\/#organization"},"potentialAction":[{"@type":"SearchAction","target":{"@type":"EntryPoint","urlTemplate":"https:\/\/ehpadpedoya.fr\/?s={search_term_string}"},"query-input":{"@type":"PropertyValueSpecification","valueRequired":true,"valueName":"search_term_string"}}],"inLanguage":"fr-FR"},{"@type":"Organization","@id":"https:\/\/ehpadpedoya.fr\/#organization","name":"R\u00e9sidence G\u00e9n\u00e9ral Gustave P\u00e9doya","url":"https:\/\/ehpadpedoya.fr\/","logo":{"@type":"ImageObject","inLanguage":"fr-FR","@id":"https:\/\/ehpadpedoya.fr\/#\/schema\/logo\/image\/","url":"https:\/\/ehpadpedoya.fr\/wp-content\/uploads\/2025\/05\/cropped-Capture-decran-2025-05-14-155737.png","contentUrl":"https:\/\/ehpadpedoya.fr\/wp-content\/uploads\/2025\/05\/cropped-Capture-decran-2025-05-14-155737.png","width":184,"height":189,"caption":"R\u00e9sidence G\u00e9n\u00e9ral Gustave P\u00e9doya"},"image":{"@id":"https:\/\/ehpadpedoya.fr\/#\/schema\/logo\/image\/"}}]}},"_links":{"self":[{"href":"https:\/\/ehpadpedoya.fr\/index.php?rest_route=\/wp\/v2\/pages\/833","targetHints":{"allow":["GET"]}}],"collection":[{"href":"https:\/\/ehpadpedoya.fr\/index.php?rest_route=\/wp\/v2\/pages"}],"about":[{"href":"https:\/\/ehpadpedoya.fr\/index.php?rest_route=\/wp\/v2\/types\/page"}],"author":[{"embeddable":true,"href":"https:\/\/ehpadpedoya.fr\/index.php?rest_route=\/wp\/v2\/users\/2"}],"replies":[{"embeddable":true,"href":"https:\/\/ehpadpedoya.fr\/index.php?rest_route=%2Fwp%2Fv2%2Fcomments&post=833"}],"version-history":[{"count":1,"href":"https:\/\/ehpadpedoya.fr\/index.php?rest_route=\/wp\/v2\/pages\/833\/revisions"}],"predecessor-version":[{"id":834,"href":"https:\/\/ehpadpedoya.fr\/index.php?rest_route=\/wp\/v2\/pages\/833\/revisions\/834"}],"wp:attachment":[{"href":"https:\/\/ehpadpedoya.fr\/index.php?rest_route=%2Fwp%2Fv2%2Fmedia&parent=833"}],"curies":[{"name":"wp","href":"https:\/\/api.w.org\/{rel}","templated":true}]}}