{"id":302,"date":"2025-06-10T10:56:35","date_gmt":"2025-06-10T08:56:35","guid":{"rendered":"http:\/\/ehpadpedoya.fr\/?page_id=302"},"modified":"2025-12-09T14:58:07","modified_gmt":"2025-12-09T13:58:07","slug":"petit","status":"publish","type":"page","link":"https:\/\/ehpadpedoya.fr\/?page_id=302","title":{"rendered":"Gros +"},"content":{"rendered":"\n<h2 class=\"wp-block-heading\">LE POLE D\u2019ACTIVIT\u00c9S ET DE SOINS ADAPTES (PASA)<\/h2>\n\n\n\n<p class=\"has-text-align-justify has-text-align-justify\">Le PASA est un lieu de l\u2019\u00e9tablissement accueillant, en journ\u00e9e, des r\u00e9sidents atteints de maladies neuro-d\u00e9g\u00e9n\u00e9ratives avec des troubles l\u00e9gers \u00e0 mod\u00e9r\u00e9s du comportement.<\/p>\n\n\n\n<div class=\"wp-block-columns is-layout-flex wp-container-core-columns-is-layout-9d6595d7 wp-block-columns-is-layout-flex\">\n<div class=\"wp-block-column is-layout-flow wp-block-column-is-layout-flow\" style=\"flex-basis:66.66%\">\n<p class=\"has-text-align-justify has-text-align-justify\">Du lundi au vendredi, ces r\u00e9sidents b\u00e9n\u00e9ficient d\u2019activit\u00e9s th\u00e9rapeutiques, afin de maintenir leurs capacit\u00e9s cognitives, physiques, psychologiques et sociales. Ces interventions entrent dans le champ des \u201cinterventions<br>non m\u00e9dicamenteuses\u201d (INM) , approche sur laquelle l\u2019\u00e9quipe s\u2019appuie pour garantir le bien-\u00eatre des r\u00e9sidents.<\/p>\n\n\n\n<p class=\"has-pale-pink-background-color has-background\"><strong><mark style=\"background-color:rgba(0, 0, 0, 0)\" class=\"has-inline-color has-white-color\">L&rsquo;unit\u00e9 est compos\u00e9e de 15 logements<\/mark><\/strong><\/p>\n<\/div>\n\n\n\n<div class=\"wp-block-column is-layout-flow wp-block-column-is-layout-flow\" style=\"flex-basis:33.33%\">\n<figure class=\"wp-block-image size-large\"><img loading=\"lazy\" decoding=\"async\" width=\"1024\" height=\"503\" src=\"https:\/\/ehpadpedoya.fr\/wp-content\/uploads\/2025\/08\/Capture-decran-2025-08-21-105153-1024x503.png\" alt=\"\" class=\"wp-image-408\" srcset=\"https:\/\/ehpadpedoya.fr\/wp-content\/uploads\/2025\/08\/Capture-decran-2025-08-21-105153-1024x503.png 1024w, https:\/\/ehpadpedoya.fr\/wp-content\/uploads\/2025\/08\/Capture-decran-2025-08-21-105153-300x147.png 300w, https:\/\/ehpadpedoya.fr\/wp-content\/uploads\/2025\/08\/Capture-decran-2025-08-21-105153-768x377.png 768w, https:\/\/ehpadpedoya.fr\/wp-content\/uploads\/2025\/08\/Capture-decran-2025-08-21-105153-122x60.png 122w, https:\/\/ehpadpedoya.fr\/wp-content\/uploads\/2025\/08\/Capture-decran-2025-08-21-105153.png 1045w\" sizes=\"auto, (max-width: 1024px) 100vw, 1024px\" \/><\/figure>\n<\/div>\n<\/div>\n\n\n\n<p class=\"has-text-align-justify has-text-align-justify\">Des ateliers adapt\u00e9s sont organis\u00e9s et anim\u00e9s par le psychologue et des soignants. Deux groupes sont constitu\u00e9s de 7 r\u00e9sidents maximum, cr\u00e9ant un environnement calme et rassurant.<\/p>\n\n\n\n<p class=\"has-text-align-justify has-text-align-justify\">Les temps de repas sont \u00e9galement des temps privil\u00e9gi\u00e9s et conviviaux, o\u00f9 les r\u00e9sidents renouent avec une vie \u201ccomme \u00e0 la maison\u201d et maintiennent leurs capacit\u00e9s par la pair-aidance (mettre le couvert, servir son repas, servir les autres\u2026).<\/p>\n\n\n\n<div class=\"wp-block-columns is-layout-flex wp-container-core-columns-is-layout-9d6595d7 wp-block-columns-is-layout-flex\">\n<div class=\"wp-block-column is-layout-flow wp-block-column-is-layout-flow\">\n<figure class=\"wp-block-image size-large is-style-rounded\"><img loading=\"lazy\" decoding=\"async\" width=\"1024\" height=\"768\" src=\"https:\/\/ehpadpedoya.fr\/wp-content\/uploads\/2025\/11\/IMG_0375-1024x768.jpg\" alt=\"\" class=\"wp-image-778\" srcset=\"https:\/\/ehpadpedoya.fr\/wp-content\/uploads\/2025\/11\/IMG_0375-1024x768.jpg 1024w, https:\/\/ehpadpedoya.fr\/wp-content\/uploads\/2025\/11\/IMG_0375-300x225.jpg 300w, https:\/\/ehpadpedoya.fr\/wp-content\/uploads\/2025\/11\/IMG_0375-768x576.jpg 768w, https:\/\/ehpadpedoya.fr\/wp-content\/uploads\/2025\/11\/IMG_0375-1536x1152.jpg 1536w, https:\/\/ehpadpedoya.fr\/wp-content\/uploads\/2025\/11\/IMG_0375-2048x1536.jpg 2048w, https:\/\/ehpadpedoya.fr\/wp-content\/uploads\/2025\/11\/IMG_0375-80x60.jpg 80w\" sizes=\"auto, (max-width: 1024px) 100vw, 1024px\" \/><\/figure>\n<\/div>\n\n\n\n<div class=\"wp-block-column is-layout-flow wp-block-column-is-layout-flow\">\n<figure class=\"wp-block-image size-large is-style-rounded\"><img loading=\"lazy\" decoding=\"async\" width=\"1024\" height=\"768\" src=\"https:\/\/ehpadpedoya.fr\/wp-content\/uploads\/2025\/11\/IMG_0374-1024x768.jpg\" alt=\"\" class=\"wp-image-779\" srcset=\"https:\/\/ehpadpedoya.fr\/wp-content\/uploads\/2025\/11\/IMG_0374-1024x768.jpg 1024w, https:\/\/ehpadpedoya.fr\/wp-content\/uploads\/2025\/11\/IMG_0374-300x225.jpg 300w, https:\/\/ehpadpedoya.fr\/wp-content\/uploads\/2025\/11\/IMG_0374-768x576.jpg 768w, https:\/\/ehpadpedoya.fr\/wp-content\/uploads\/2025\/11\/IMG_0374-1536x1152.jpg 1536w, https:\/\/ehpadpedoya.fr\/wp-content\/uploads\/2025\/11\/IMG_0374-2048x1536.jpg 2048w, https:\/\/ehpadpedoya.fr\/wp-content\/uploads\/2025\/11\/IMG_0374-80x60.jpg 80w\" sizes=\"auto, (max-width: 1024px) 100vw, 1024px\" \/><\/figure>\n<\/div>\n<\/div>\n\n\n\n<hr class=\"wp-block-separator has-text-color has-alpha-channel-opacity has-background\" style=\"background-color:#81d742;color:#81d742\"\/>\n\n\n\n<p><strong>L\u2019\u00e9quipe du PASA est compos\u00e9e :<\/strong><\/p>\n\n\n\n<ul class=\"wp-block-list\">\n<li>de soignants qui accueillent les r\u00e9sidents, organisent et animent les ateliers adapt\u00e9s et assurent l\u2019aide dans les actes de la vie quotidienne tout au long de la journ\u00e9e (nursing, soins de bien-\u00eatre\u2026)<\/li>\n\n\n\n<li>du psychologue qui identifie les r\u00e9sidents pouvant b\u00e9n\u00e9ficier du PASA et les bienfaits attendus (projet personnalis\u00e9), coordonne les activit\u00e9s et organise et anime des ateliers adapt\u00e9s (atelier sensoriel, atelier m\u00e9moire\u2026)<\/li>\n<\/ul>\n\n\n\n<p class=\"has-text-align-justify has-text-align-justify\">L\u2019\u00e9quipe se r\u00e9unit chaque trimestre, \u00e9value les bienfaits du PASA pour chaque r\u00e9sident de la file active, adapte les accompagnements individualis\u00e9s et collectifs : composition des groupes, types d\u2019ateliers \u00e0 d\u00e9ployer\u2026<\/p>\n\n\n\n<h2 class=\"wp-block-heading\">Une cuisine et un traitement du linge interne<\/h2>\n\n\n\n<div class=\"wp-block-columns is-layout-flex wp-container-core-columns-is-layout-9d6595d7 wp-block-columns-is-layout-flex\">\n<div class=\"wp-block-column is-layout-flow wp-block-column-is-layout-flow\" style=\"flex-basis:66.66%\">\n<figure class=\"wp-block-image size-large is-resized is-style-rounded\"><img loading=\"lazy\" decoding=\"async\" width=\"768\" height=\"1024\" src=\"https:\/\/ehpadpedoya.fr\/wp-content\/uploads\/2025\/11\/IMG_0372-768x1024.jpg\" alt=\"\" class=\"wp-image-775\" style=\"object-fit:cover;width:300px;height:300px\" srcset=\"https:\/\/ehpadpedoya.fr\/wp-content\/uploads\/2025\/11\/IMG_0372-768x1024.jpg 768w, https:\/\/ehpadpedoya.fr\/wp-content\/uploads\/2025\/11\/IMG_0372-225x300.jpg 225w, https:\/\/ehpadpedoya.fr\/wp-content\/uploads\/2025\/11\/IMG_0372-1152x1536.jpg 1152w, https:\/\/ehpadpedoya.fr\/wp-content\/uploads\/2025\/11\/IMG_0372-1536x2048.jpg 1536w, https:\/\/ehpadpedoya.fr\/wp-content\/uploads\/2025\/11\/IMG_0372-45x60.jpg 45w, https:\/\/ehpadpedoya.fr\/wp-content\/uploads\/2025\/11\/IMG_0372-scaled.jpg 1920w\" sizes=\"auto, (max-width: 768px) 100vw, 768px\" \/><\/figure>\n<\/div>\n\n\n\n<div class=\"wp-block-column is-layout-flow wp-block-column-is-layout-flow\" style=\"flex-basis:33.33%\">\n<p class=\"has-text-align-justify has-text-align-justify\">\u00c0 l\u2019EHPAD Pedoya de La Bastide-de-S\u00e9rou, tout est fait maison et avec le c\u0153ur : nos \u00e9quipes pr\u00e9parent les repas sur place et prennent soin du linge de chaque r\u00e9sident avec attention.\u00a0\u00bb<\/p>\n<\/div>\n<\/div>\n\n\n\n<h2 class=\"wp-block-heading\">Des partenaires pr\u00e9cieux<\/h2>\n\n\n\n<div class=\"wp-block-columns is-layout-flex wp-container-core-columns-is-layout-9d6595d7 wp-block-columns-is-layout-flex\">\n<div class=\"wp-block-column is-layout-flow wp-block-column-is-layout-flow\" style=\"flex-basis:33.33%\">\n<p class=\"has-text-align-justify has-text-align-justify\">Parce que le bien-\u00eatre des r\u00e9sidents repose sur une collaboration de confiance, les partenaires de l\u2019EHPAD Pedoya occupent une place pr\u00e9cieuse au sein de notre \u00e9tablissement.<\/p>\n<\/div>\n\n\n\n<div class=\"wp-block-column is-layout-flow wp-block-column-is-layout-flow\" style=\"flex-basis:66.66%\">\nngg_shortcode_0_placeholder\n<\/div>\n<\/div>\n","protected":false},"excerpt":{"rendered":"<p>LE POLE D\u2019ACTIVIT\u00c9S ET DE SOINS ADAPTES (PASA) Le PASA est un lieu de l\u2019\u00e9tablissement accueillant, en journ\u00e9e, des r\u00e9sidents atteints de maladies neuro-d\u00e9g\u00e9n\u00e9ratives avec &hellip; <\/p>\n","protected":false},"author":2,"featured_media":0,"parent":156,"menu_order":0,"comment_status":"closed","ping_status":"closed","template":"","meta":{"ngg_post_thumbnail":0,"footnotes":""},"class_list":["post-302","page","type-page","status-publish","hentry","latest_post"],"yoast_head":"<!-- This site is optimized with the Yoast SEO plugin v27.3 - https:\/\/yoast.com\/product\/yoast-seo-wordpress\/ -->\n<title>Gros + - R\u00e9sidence G\u00e9n\u00e9ral Gustave PEDOYA<\/title>\n<meta name=\"robots\" content=\"index, follow, max-snippet:-1, max-image-preview:large, max-video-preview:-1\" \/>\n<link rel=\"canonical\" href=\"https:\/\/ehpadpedoya.fr\/?page_id=302\" \/>\n<meta property=\"og:locale\" content=\"fr_FR\" \/>\n<meta property=\"og:type\" content=\"article\" \/>\n<meta property=\"og:title\" content=\"Gros + - R\u00e9sidence G\u00e9n\u00e9ral Gustave PEDOYA\" \/>\n<meta property=\"og:description\" content=\"LE POLE D\u2019ACTIVIT\u00c9S ET DE SOINS ADAPTES (PASA) Le PASA est un lieu de l\u2019\u00e9tablissement accueillant, en journ\u00e9e, des r\u00e9sidents atteints de maladies neuro-d\u00e9g\u00e9n\u00e9ratives avec &hellip;\" \/>\n<meta property=\"og:url\" content=\"https:\/\/ehpadpedoya.fr\/?page_id=302\" \/>\n<meta property=\"og:site_name\" content=\"R\u00e9sidence G\u00e9n\u00e9ral Gustave PEDOYA\" \/>\n<meta property=\"article:modified_time\" content=\"2025-12-09T13:58:07+00:00\" \/>\n<meta property=\"og:image\" content=\"http:\/\/ehpadpedoya.fr\/wp-content\/uploads\/2025\/08\/Capture-decran-2025-08-21-105153-1024x503.png\" \/>\n<meta name=\"twitter:card\" content=\"summary_large_image\" \/>\n<meta name=\"twitter:label1\" content=\"Dur\u00e9e de lecture estim\u00e9e\" \/>\n\t<meta name=\"twitter:data1\" content=\"3 minutes\" \/>\n<script type=\"application\/ld+json\" class=\"yoast-schema-graph\">{\"@context\":\"https:\\\/\\\/schema.org\",\"@graph\":[{\"@type\":\"WebPage\",\"@id\":\"https:\\\/\\\/ehpadpedoya.fr\\\/?page_id=302\",\"url\":\"https:\\\/\\\/ehpadpedoya.fr\\\/?page_id=302\",\"name\":\"Gros + - R\u00e9sidence G\u00e9n\u00e9ral Gustave PEDOYA\",\"isPartOf\":{\"@id\":\"https:\\\/\\\/ehpadpedoya.fr\\\/#website\"},\"primaryImageOfPage\":{\"@id\":\"https:\\\/\\\/ehpadpedoya.fr\\\/?page_id=302#primaryimage\"},\"image\":{\"@id\":\"https:\\\/\\\/ehpadpedoya.fr\\\/?page_id=302#primaryimage\"},\"thumbnailUrl\":\"http:\\\/\\\/ehpadpedoya.fr\\\/wp-content\\\/uploads\\\/2025\\\/08\\\/Capture-decran-2025-08-21-105153-1024x503.png\",\"datePublished\":\"2025-06-10T08:56:35+00:00\",\"dateModified\":\"2025-12-09T13:58:07+00:00\",\"breadcrumb\":{\"@id\":\"https:\\\/\\\/ehpadpedoya.fr\\\/?page_id=302#breadcrumb\"},\"inLanguage\":\"fr-FR\",\"potentialAction\":[{\"@type\":\"ReadAction\",\"target\":[\"https:\\\/\\\/ehpadpedoya.fr\\\/?page_id=302\"]}]},{\"@type\":\"ImageObject\",\"inLanguage\":\"fr-FR\",\"@id\":\"https:\\\/\\\/ehpadpedoya.fr\\\/?page_id=302#primaryimage\",\"url\":\"https:\\\/\\\/ehpadpedoya.fr\\\/wp-content\\\/uploads\\\/2025\\\/08\\\/Capture-decran-2025-08-21-105153.png\",\"contentUrl\":\"https:\\\/\\\/ehpadpedoya.fr\\\/wp-content\\\/uploads\\\/2025\\\/08\\\/Capture-decran-2025-08-21-105153.png\",\"width\":1045,\"height\":513},{\"@type\":\"BreadcrumbList\",\"@id\":\"https:\\\/\\\/ehpadpedoya.fr\\\/?page_id=302#breadcrumb\",\"itemListElement\":[{\"@type\":\"ListItem\",\"position\":1,\"name\":\"Accueil\",\"item\":\"https:\\\/\\\/ehpadpedoya.fr\\\/\"},{\"@type\":\"ListItem\",\"position\":2,\"name\":\"La r\u00e9sidence\",\"item\":\"https:\\\/\\\/ehpadpedoya.fr\\\/?page_id=156\"},{\"@type\":\"ListItem\",\"position\":3,\"name\":\"Gros +\"}]},{\"@type\":\"WebSite\",\"@id\":\"https:\\\/\\\/ehpadpedoya.fr\\\/#website\",\"url\":\"https:\\\/\\\/ehpadpedoya.fr\\\/\",\"name\":\"R\u00e9sidence G\u00e9n\u00e9ral Gustave P\u00e9doya\",\"description\":\"&quot;un cadre familial, un accompagnement personnalis\u00e9, une maison pour bien vivre ensemble&quot;\",\"publisher\":{\"@id\":\"https:\\\/\\\/ehpadpedoya.fr\\\/#organization\"},\"potentialAction\":[{\"@type\":\"SearchAction\",\"target\":{\"@type\":\"EntryPoint\",\"urlTemplate\":\"https:\\\/\\\/ehpadpedoya.fr\\\/?s={search_term_string}\"},\"query-input\":{\"@type\":\"PropertyValueSpecification\",\"valueRequired\":true,\"valueName\":\"search_term_string\"}}],\"inLanguage\":\"fr-FR\"},{\"@type\":\"Organization\",\"@id\":\"https:\\\/\\\/ehpadpedoya.fr\\\/#organization\",\"name\":\"R\u00e9sidence G\u00e9n\u00e9ral Gustave P\u00e9doya\",\"url\":\"https:\\\/\\\/ehpadpedoya.fr\\\/\",\"logo\":{\"@type\":\"ImageObject\",\"inLanguage\":\"fr-FR\",\"@id\":\"https:\\\/\\\/ehpadpedoya.fr\\\/#\\\/schema\\\/logo\\\/image\\\/\",\"url\":\"https:\\\/\\\/ehpadpedoya.fr\\\/wp-content\\\/uploads\\\/2025\\\/05\\\/cropped-Capture-decran-2025-05-14-155737.png\",\"contentUrl\":\"https:\\\/\\\/ehpadpedoya.fr\\\/wp-content\\\/uploads\\\/2025\\\/05\\\/cropped-Capture-decran-2025-05-14-155737.png\",\"width\":184,\"height\":189,\"caption\":\"R\u00e9sidence G\u00e9n\u00e9ral Gustave P\u00e9doya\"},\"image\":{\"@id\":\"https:\\\/\\\/ehpadpedoya.fr\\\/#\\\/schema\\\/logo\\\/image\\\/\"}}]}<\/script>\n<!-- \/ Yoast SEO plugin. -->","yoast_head_json":{"title":"Gros + - R\u00e9sidence G\u00e9n\u00e9ral Gustave PEDOYA","robots":{"index":"index","follow":"follow","max-snippet":"max-snippet:-1","max-image-preview":"max-image-preview:large","max-video-preview":"max-video-preview:-1"},"canonical":"https:\/\/ehpadpedoya.fr\/?page_id=302","og_locale":"fr_FR","og_type":"article","og_title":"Gros + - R\u00e9sidence G\u00e9n\u00e9ral Gustave PEDOYA","og_description":"LE POLE D\u2019ACTIVIT\u00c9S ET DE SOINS ADAPTES (PASA) Le PASA est un lieu de l\u2019\u00e9tablissement accueillant, en journ\u00e9e, des r\u00e9sidents atteints de maladies neuro-d\u00e9g\u00e9n\u00e9ratives avec &hellip;","og_url":"https:\/\/ehpadpedoya.fr\/?page_id=302","og_site_name":"R\u00e9sidence G\u00e9n\u00e9ral Gustave PEDOYA","article_modified_time":"2025-12-09T13:58:07+00:00","og_image":[{"url":"http:\/\/ehpadpedoya.fr\/wp-content\/uploads\/2025\/08\/Capture-decran-2025-08-21-105153-1024x503.png","type":"","width":"","height":""}],"twitter_card":"summary_large_image","twitter_misc":{"Dur\u00e9e de lecture estim\u00e9e":"3 minutes"},"schema":{"@context":"https:\/\/schema.org","@graph":[{"@type":"WebPage","@id":"https:\/\/ehpadpedoya.fr\/?page_id=302","url":"https:\/\/ehpadpedoya.fr\/?page_id=302","name":"Gros + - R\u00e9sidence G\u00e9n\u00e9ral Gustave PEDOYA","isPartOf":{"@id":"https:\/\/ehpadpedoya.fr\/#website"},"primaryImageOfPage":{"@id":"https:\/\/ehpadpedoya.fr\/?page_id=302#primaryimage"},"image":{"@id":"https:\/\/ehpadpedoya.fr\/?page_id=302#primaryimage"},"thumbnailUrl":"http:\/\/ehpadpedoya.fr\/wp-content\/uploads\/2025\/08\/Capture-decran-2025-08-21-105153-1024x503.png","datePublished":"2025-06-10T08:56:35+00:00","dateModified":"2025-12-09T13:58:07+00:00","breadcrumb":{"@id":"https:\/\/ehpadpedoya.fr\/?page_id=302#breadcrumb"},"inLanguage":"fr-FR","potentialAction":[{"@type":"ReadAction","target":["https:\/\/ehpadpedoya.fr\/?page_id=302"]}]},{"@type":"ImageObject","inLanguage":"fr-FR","@id":"https:\/\/ehpadpedoya.fr\/?page_id=302#primaryimage","url":"https:\/\/ehpadpedoya.fr\/wp-content\/uploads\/2025\/08\/Capture-decran-2025-08-21-105153.png","contentUrl":"https:\/\/ehpadpedoya.fr\/wp-content\/uploads\/2025\/08\/Capture-decran-2025-08-21-105153.png","width":1045,"height":513},{"@type":"BreadcrumbList","@id":"https:\/\/ehpadpedoya.fr\/?page_id=302#breadcrumb","itemListElement":[{"@type":"ListItem","position":1,"name":"Accueil","item":"https:\/\/ehpadpedoya.fr\/"},{"@type":"ListItem","position":2,"name":"La r\u00e9sidence","item":"https:\/\/ehpadpedoya.fr\/?page_id=156"},{"@type":"ListItem","position":3,"name":"Gros +"}]},{"@type":"WebSite","@id":"https:\/\/ehpadpedoya.fr\/#website","url":"https:\/\/ehpadpedoya.fr\/","name":"R\u00e9sidence G\u00e9n\u00e9ral Gustave P\u00e9doya","description":"&quot;un cadre familial, un accompagnement personnalis\u00e9, une maison pour bien vivre ensemble&quot;","publisher":{"@id":"https:\/\/ehpadpedoya.fr\/#organization"},"potentialAction":[{"@type":"SearchAction","target":{"@type":"EntryPoint","urlTemplate":"https:\/\/ehpadpedoya.fr\/?s={search_term_string}"},"query-input":{"@type":"PropertyValueSpecification","valueRequired":true,"valueName":"search_term_string"}}],"inLanguage":"fr-FR"},{"@type":"Organization","@id":"https:\/\/ehpadpedoya.fr\/#organization","name":"R\u00e9sidence G\u00e9n\u00e9ral Gustave P\u00e9doya","url":"https:\/\/ehpadpedoya.fr\/","logo":{"@type":"ImageObject","inLanguage":"fr-FR","@id":"https:\/\/ehpadpedoya.fr\/#\/schema\/logo\/image\/","url":"https:\/\/ehpadpedoya.fr\/wp-content\/uploads\/2025\/05\/cropped-Capture-decran-2025-05-14-155737.png","contentUrl":"https:\/\/ehpadpedoya.fr\/wp-content\/uploads\/2025\/05\/cropped-Capture-decran-2025-05-14-155737.png","width":184,"height":189,"caption":"R\u00e9sidence G\u00e9n\u00e9ral Gustave P\u00e9doya"},"image":{"@id":"https:\/\/ehpadpedoya.fr\/#\/schema\/logo\/image\/"}}]}},"_links":{"self":[{"href":"https:\/\/ehpadpedoya.fr\/index.php?rest_route=\/wp\/v2\/pages\/302","targetHints":{"allow":["GET"]}}],"collection":[{"href":"https:\/\/ehpadpedoya.fr\/index.php?rest_route=\/wp\/v2\/pages"}],"about":[{"href":"https:\/\/ehpadpedoya.fr\/index.php?rest_route=\/wp\/v2\/types\/page"}],"author":[{"embeddable":true,"href":"https:\/\/ehpadpedoya.fr\/index.php?rest_route=\/wp\/v2\/users\/2"}],"replies":[{"embeddable":true,"href":"https:\/\/ehpadpedoya.fr\/index.php?rest_route=%2Fwp%2Fv2%2Fcomments&post=302"}],"version-history":[{"count":10,"href":"https:\/\/ehpadpedoya.fr\/index.php?rest_route=\/wp\/v2\/pages\/302\/revisions"}],"predecessor-version":[{"id":824,"href":"https:\/\/ehpadpedoya.fr\/index.php?rest_route=\/wp\/v2\/pages\/302\/revisions\/824"}],"up":[{"embeddable":true,"href":"https:\/\/ehpadpedoya.fr\/index.php?rest_route=\/wp\/v2\/pages\/156"}],"wp:attachment":[{"href":"https:\/\/ehpadpedoya.fr\/index.php?rest_route=%2Fwp%2Fv2%2Fmedia&parent=302"}],"curies":[{"name":"wp","href":"https:\/\/api.w.org\/{rel}","templated":true}]}}