{"id":294,"date":"2025-06-10T10:52:06","date_gmt":"2025-06-10T08:52:06","guid":{"rendered":"http:\/\/ehpadpedoya.fr\/?page_id=294"},"modified":"2025-12-09T14:51:42","modified_gmt":"2025-12-09T13:51:42","slug":"nos-missions-nos-valeurs","status":"publish","type":"page","link":"https:\/\/ehpadpedoya.fr\/?page_id=294","title":{"rendered":"Nos valeurs"},"content":{"rendered":"\n<hr class=\"wp-block-separator has-text-color has-alpha-channel-opacity has-background\" style=\"background-color:#81d742;color:#81d742\"\/>\n\n\n\n<p class=\"has-text-align-justify has-text-align-justify\"><br>Voici donc nos diff\u00e9rentes valeurs sp\u00e9cifiques \u00e0 l\u2019 EHPAD. Les valeurs repr\u00e9sentent des mani\u00e8res d\u2019\u00eatre et d\u2019agir qu\u2019une personne ou qu\u2019une collectivit\u00e9 reconnaissent comme id\u00e9al.<\/p>\n\n\n\n<div class=\"wp-block-columns is-layout-flex wp-container-core-columns-is-layout-9d6595d7 wp-block-columns-is-layout-flex\">\n<div class=\"wp-block-column is-layout-flow wp-block-column-is-layout-flow\" style=\"flex-basis:33.33%\">\n<figure class=\"wp-block-image size-full\"><img loading=\"lazy\" decoding=\"async\" width=\"193\" height=\"191\" src=\"https:\/\/ehpadpedoya.fr\/wp-content\/uploads\/2025\/08\/Capture-decran-2025-08-20-103413.png\" alt=\"\" class=\"wp-image-380\" srcset=\"https:\/\/ehpadpedoya.fr\/wp-content\/uploads\/2025\/08\/Capture-decran-2025-08-20-103413.png 193w, https:\/\/ehpadpedoya.fr\/wp-content\/uploads\/2025\/08\/Capture-decran-2025-08-20-103413-61x60.png 61w\" sizes=\"auto, (max-width: 193px) 100vw, 193px\" \/><\/figure>\n<\/div>\n\n\n\n<div class=\"wp-block-column is-layout-flow wp-block-column-is-layout-flow\" style=\"flex-basis:66.66%\">\n<p>LES VALEURS DE L\u2019EHPAD<\/p>\n\n\n\n<ul class=\"wp-block-list\">\n<li>L\u2019accueil<\/li>\n\n\n\n<li>La convivialit\u00e9<\/li>\n\n\n\n<li>La bonne humeur<\/li>\n<\/ul>\n<\/div>\n<\/div>\n\n\n\n<div class=\"wp-block-columns is-layout-flex wp-container-core-columns-is-layout-9d6595d7 wp-block-columns-is-layout-flex\">\n<div class=\"wp-block-column is-layout-flow wp-block-column-is-layout-flow\" style=\"flex-basis:33.33%\">\n<figure class=\"wp-block-image size-full\"><img loading=\"lazy\" decoding=\"async\" width=\"204\" height=\"195\" src=\"https:\/\/ehpadpedoya.fr\/wp-content\/uploads\/2025\/08\/Capture-decran-2025-08-20-103509.png\" alt=\"\" class=\"wp-image-381\" srcset=\"https:\/\/ehpadpedoya.fr\/wp-content\/uploads\/2025\/08\/Capture-decran-2025-08-20-103509.png 204w, https:\/\/ehpadpedoya.fr\/wp-content\/uploads\/2025\/08\/Capture-decran-2025-08-20-103509-63x60.png 63w\" sizes=\"auto, (max-width: 204px) 100vw, 204px\" \/><\/figure>\n<\/div>\n\n\n\n<div class=\"wp-block-column is-layout-flow wp-block-column-is-layout-flow\" style=\"flex-basis:66.66%\">\n<p>AFIN QUE L\u2019EHPAD SOIT<\/p>\n\n\n\n<ul class=\"wp-block-list\">\n<li>Un v\u00e9ritable lieu de vie et d&rsquo;\u00e9changes, ouverts sur l&rsquo;ext\u00e9rieur, propices au d\u00e9veloppement des liens sociaux, essentiels au maintien de l&rsquo;autonomie.<\/li>\n<\/ul>\n<\/div>\n<\/div>\n\n\n\n<hr class=\"wp-block-separator has-text-color has-alpha-channel-opacity has-background\" style=\"background-color:#81d742;color:#81d742\"\/>\n\n\n\n<h2 class=\"wp-block-heading\">Adh\u00e9rer aux valeurs du service public territorial<\/h2>\n\n\n\n<ul class=\"wp-block-list\">\n<li>Valeurs fondamentales de la R\u00e9publique fran\u00e7aise : libert\u00e9, \u00e9galit\u00e9, fraternit\u00e9, la\u00efcit\u00e9, int\u00e9r\u00eat g\u00e9n\u00e9ral<\/li>\n\n\n\n<li>continuit\u00e9 de service, engagement, int\u00e9grit\u00e9, l\u00e9galit\u00e9, loyaut\u00e9, neutralit\u00e9, respect<\/li>\n\n\n\n<li>adaptabilit\u00e9, efficience, qualit\u00e9 et r\u00e9activit\u00e9<\/li>\n<\/ul>\n\n\n\n<hr class=\"wp-block-separator has-text-color has-alpha-channel-opacity has-background\" style=\"background-color:#81d742;color:#81d742\"\/>\n\n\n\n<h2 class=\"wp-block-heading\">Respect<\/h2>\n\n\n\n<ul class=\"wp-block-list\">\n<li>Respecter les valeurs partag\u00e9es d\u00e9finies dans le projet d\u2019\u00e9tablissement<\/li>\n\n\n\n<li>Respecter les consignes et le cadre institutionnel pour travailler tous dans<\/li>\n\n\n\n<li>le m\u00eame sens<\/li>\n\n\n\n<li>Respecter les habitudes de vie du r\u00e9sident et ses choix<\/li>\n\n\n\n<li>Accepter l\u2019autre dans ses diff\u00e9rences physiques, culturelles, religieuses, politiques.<\/li>\n\n\n\n<li>Se respecter soi-m\u00eame, respecter le r\u00e9sident, son entourage et les professionnels<\/li>\n\n\n\n<li>Rechercher l\u2019\u00e9quilibre dans la prise en compte des besoins et attentes des r\u00e9sidents, des familles, des professionnels, des institutions, des b\u00e9n\u00e9voles en y r\u00e9pondant le mieux possible<\/li>\n\n\n\n<li>Respecter sa parole, ses engagements<\/li>\n\n\n\n<li>Entendre et tenir compte de la parole des autres<\/li>\n<\/ul>\n\n\n\n<hr class=\"wp-block-separator has-text-color has-alpha-channel-opacity has-background\" style=\"background-color:#81d742;color:#81d742\"\/>\n\n\n\n<figure class=\"wp-block-image size-full\"><img loading=\"lazy\" decoding=\"async\" width=\"396\" height=\"392\" src=\"https:\/\/ehpadpedoya.fr\/wp-content\/uploads\/2025\/10\/Capture-decran-2025-10-22-152721.png\" alt=\"\" class=\"wp-image-714\" srcset=\"https:\/\/ehpadpedoya.fr\/wp-content\/uploads\/2025\/10\/Capture-decran-2025-10-22-152721.png 396w, https:\/\/ehpadpedoya.fr\/wp-content\/uploads\/2025\/10\/Capture-decran-2025-10-22-152721-300x297.png 300w, https:\/\/ehpadpedoya.fr\/wp-content\/uploads\/2025\/10\/Capture-decran-2025-10-22-152721-61x60.png 61w\" sizes=\"auto, (max-width: 396px) 100vw, 396px\" \/><\/figure>\n\n\n\n<div class=\"wp-block-columns is-layout-flex wp-container-core-columns-is-layout-9d6595d7 wp-block-columns-is-layout-flex\">\n<div class=\"wp-block-column is-layout-flow wp-block-column-is-layout-flow\"><\/div>\n<\/div>\n\n\n\n<p><\/p>\n","protected":false},"excerpt":{"rendered":"<p>Voici donc nos diff\u00e9rentes valeurs sp\u00e9cifiques \u00e0 l\u2019 EHPAD. Les valeurs repr\u00e9sentent des mani\u00e8res d\u2019\u00eatre et d\u2019agir qu\u2019une personne ou qu\u2019une collectivit\u00e9 reconnaissent comme id\u00e9al. &hellip; <\/p>\n","protected":false},"author":2,"featured_media":0,"parent":156,"menu_order":0,"comment_status":"closed","ping_status":"closed","template":"","meta":{"ngg_post_thumbnail":0,"footnotes":""},"class_list":["post-294","page","type-page","status-publish","hentry","latest_post"],"yoast_head":"<!-- This site is optimized with the Yoast SEO plugin v27.3 - https:\/\/yoast.com\/product\/yoast-seo-wordpress\/ -->\n<title>Nos valeurs - R\u00e9sidence G\u00e9n\u00e9ral Gustave PEDOYA<\/title>\n<meta name=\"robots\" content=\"index, follow, max-snippet:-1, max-image-preview:large, max-video-preview:-1\" \/>\n<link rel=\"canonical\" href=\"https:\/\/ehpadpedoya.fr\/?page_id=294\" \/>\n<meta property=\"og:locale\" content=\"fr_FR\" \/>\n<meta property=\"og:type\" content=\"article\" \/>\n<meta property=\"og:title\" content=\"Nos valeurs - R\u00e9sidence G\u00e9n\u00e9ral Gustave PEDOYA\" \/>\n<meta property=\"og:description\" content=\"Voici donc nos diff\u00e9rentes valeurs sp\u00e9cifiques \u00e0 l\u2019 EHPAD. Les valeurs repr\u00e9sentent des mani\u00e8res d\u2019\u00eatre et d\u2019agir qu\u2019une personne ou qu\u2019une collectivit\u00e9 reconnaissent comme id\u00e9al. &hellip;\" \/>\n<meta property=\"og:url\" content=\"https:\/\/ehpadpedoya.fr\/?page_id=294\" \/>\n<meta property=\"og:site_name\" content=\"R\u00e9sidence G\u00e9n\u00e9ral Gustave PEDOYA\" \/>\n<meta property=\"article:modified_time\" content=\"2025-12-09T13:51:42+00:00\" \/>\n<meta property=\"og:image\" content=\"http:\/\/ehpadpedoya.fr\/wp-content\/uploads\/2025\/08\/Capture-decran-2025-08-20-103413.png\" \/>\n<meta name=\"twitter:card\" content=\"summary_large_image\" \/>\n<meta name=\"twitter:label1\" content=\"Dur\u00e9e de lecture estim\u00e9e\" \/>\n\t<meta name=\"twitter:data1\" content=\"2 minutes\" \/>\n<script type=\"application\/ld+json\" class=\"yoast-schema-graph\">{\"@context\":\"https:\\\/\\\/schema.org\",\"@graph\":[{\"@type\":\"WebPage\",\"@id\":\"https:\\\/\\\/ehpadpedoya.fr\\\/?page_id=294\",\"url\":\"https:\\\/\\\/ehpadpedoya.fr\\\/?page_id=294\",\"name\":\"Nos valeurs - R\u00e9sidence G\u00e9n\u00e9ral Gustave PEDOYA\",\"isPartOf\":{\"@id\":\"https:\\\/\\\/ehpadpedoya.fr\\\/#website\"},\"primaryImageOfPage\":{\"@id\":\"https:\\\/\\\/ehpadpedoya.fr\\\/?page_id=294#primaryimage\"},\"image\":{\"@id\":\"https:\\\/\\\/ehpadpedoya.fr\\\/?page_id=294#primaryimage\"},\"thumbnailUrl\":\"http:\\\/\\\/ehpadpedoya.fr\\\/wp-content\\\/uploads\\\/2025\\\/08\\\/Capture-decran-2025-08-20-103413.png\",\"datePublished\":\"2025-06-10T08:52:06+00:00\",\"dateModified\":\"2025-12-09T13:51:42+00:00\",\"breadcrumb\":{\"@id\":\"https:\\\/\\\/ehpadpedoya.fr\\\/?page_id=294#breadcrumb\"},\"inLanguage\":\"fr-FR\",\"potentialAction\":[{\"@type\":\"ReadAction\",\"target\":[\"https:\\\/\\\/ehpadpedoya.fr\\\/?page_id=294\"]}]},{\"@type\":\"ImageObject\",\"inLanguage\":\"fr-FR\",\"@id\":\"https:\\\/\\\/ehpadpedoya.fr\\\/?page_id=294#primaryimage\",\"url\":\"https:\\\/\\\/ehpadpedoya.fr\\\/wp-content\\\/uploads\\\/2025\\\/08\\\/Capture-decran-2025-08-20-103413.png\",\"contentUrl\":\"https:\\\/\\\/ehpadpedoya.fr\\\/wp-content\\\/uploads\\\/2025\\\/08\\\/Capture-decran-2025-08-20-103413.png\",\"width\":193,\"height\":191},{\"@type\":\"BreadcrumbList\",\"@id\":\"https:\\\/\\\/ehpadpedoya.fr\\\/?page_id=294#breadcrumb\",\"itemListElement\":[{\"@type\":\"ListItem\",\"position\":1,\"name\":\"Accueil\",\"item\":\"https:\\\/\\\/ehpadpedoya.fr\\\/\"},{\"@type\":\"ListItem\",\"position\":2,\"name\":\"La r\u00e9sidence\",\"item\":\"https:\\\/\\\/ehpadpedoya.fr\\\/?page_id=156\"},{\"@type\":\"ListItem\",\"position\":3,\"name\":\"Nos valeurs\"}]},{\"@type\":\"WebSite\",\"@id\":\"https:\\\/\\\/ehpadpedoya.fr\\\/#website\",\"url\":\"https:\\\/\\\/ehpadpedoya.fr\\\/\",\"name\":\"R\u00e9sidence G\u00e9n\u00e9ral Gustave P\u00e9doya\",\"description\":\"&quot;un cadre familial, un accompagnement personnalis\u00e9, une maison pour bien vivre ensemble&quot;\",\"publisher\":{\"@id\":\"https:\\\/\\\/ehpadpedoya.fr\\\/#organization\"},\"potentialAction\":[{\"@type\":\"SearchAction\",\"target\":{\"@type\":\"EntryPoint\",\"urlTemplate\":\"https:\\\/\\\/ehpadpedoya.fr\\\/?s={search_term_string}\"},\"query-input\":{\"@type\":\"PropertyValueSpecification\",\"valueRequired\":true,\"valueName\":\"search_term_string\"}}],\"inLanguage\":\"fr-FR\"},{\"@type\":\"Organization\",\"@id\":\"https:\\\/\\\/ehpadpedoya.fr\\\/#organization\",\"name\":\"R\u00e9sidence G\u00e9n\u00e9ral Gustave P\u00e9doya\",\"url\":\"https:\\\/\\\/ehpadpedoya.fr\\\/\",\"logo\":{\"@type\":\"ImageObject\",\"inLanguage\":\"fr-FR\",\"@id\":\"https:\\\/\\\/ehpadpedoya.fr\\\/#\\\/schema\\\/logo\\\/image\\\/\",\"url\":\"https:\\\/\\\/ehpadpedoya.fr\\\/wp-content\\\/uploads\\\/2025\\\/05\\\/cropped-Capture-decran-2025-05-14-155737.png\",\"contentUrl\":\"https:\\\/\\\/ehpadpedoya.fr\\\/wp-content\\\/uploads\\\/2025\\\/05\\\/cropped-Capture-decran-2025-05-14-155737.png\",\"width\":184,\"height\":189,\"caption\":\"R\u00e9sidence G\u00e9n\u00e9ral Gustave P\u00e9doya\"},\"image\":{\"@id\":\"https:\\\/\\\/ehpadpedoya.fr\\\/#\\\/schema\\\/logo\\\/image\\\/\"}}]}<\/script>\n<!-- \/ Yoast SEO plugin. -->","yoast_head_json":{"title":"Nos valeurs - R\u00e9sidence G\u00e9n\u00e9ral Gustave PEDOYA","robots":{"index":"index","follow":"follow","max-snippet":"max-snippet:-1","max-image-preview":"max-image-preview:large","max-video-preview":"max-video-preview:-1"},"canonical":"https:\/\/ehpadpedoya.fr\/?page_id=294","og_locale":"fr_FR","og_type":"article","og_title":"Nos valeurs - R\u00e9sidence G\u00e9n\u00e9ral Gustave PEDOYA","og_description":"Voici donc nos diff\u00e9rentes valeurs sp\u00e9cifiques \u00e0 l\u2019 EHPAD. Les valeurs repr\u00e9sentent des mani\u00e8res d\u2019\u00eatre et d\u2019agir qu\u2019une personne ou qu\u2019une collectivit\u00e9 reconnaissent comme id\u00e9al. &hellip;","og_url":"https:\/\/ehpadpedoya.fr\/?page_id=294","og_site_name":"R\u00e9sidence G\u00e9n\u00e9ral Gustave PEDOYA","article_modified_time":"2025-12-09T13:51:42+00:00","og_image":[{"url":"http:\/\/ehpadpedoya.fr\/wp-content\/uploads\/2025\/08\/Capture-decran-2025-08-20-103413.png","type":"","width":"","height":""}],"twitter_card":"summary_large_image","twitter_misc":{"Dur\u00e9e de lecture estim\u00e9e":"2 minutes"},"schema":{"@context":"https:\/\/schema.org","@graph":[{"@type":"WebPage","@id":"https:\/\/ehpadpedoya.fr\/?page_id=294","url":"https:\/\/ehpadpedoya.fr\/?page_id=294","name":"Nos valeurs - R\u00e9sidence G\u00e9n\u00e9ral Gustave PEDOYA","isPartOf":{"@id":"https:\/\/ehpadpedoya.fr\/#website"},"primaryImageOfPage":{"@id":"https:\/\/ehpadpedoya.fr\/?page_id=294#primaryimage"},"image":{"@id":"https:\/\/ehpadpedoya.fr\/?page_id=294#primaryimage"},"thumbnailUrl":"http:\/\/ehpadpedoya.fr\/wp-content\/uploads\/2025\/08\/Capture-decran-2025-08-20-103413.png","datePublished":"2025-06-10T08:52:06+00:00","dateModified":"2025-12-09T13:51:42+00:00","breadcrumb":{"@id":"https:\/\/ehpadpedoya.fr\/?page_id=294#breadcrumb"},"inLanguage":"fr-FR","potentialAction":[{"@type":"ReadAction","target":["https:\/\/ehpadpedoya.fr\/?page_id=294"]}]},{"@type":"ImageObject","inLanguage":"fr-FR","@id":"https:\/\/ehpadpedoya.fr\/?page_id=294#primaryimage","url":"https:\/\/ehpadpedoya.fr\/wp-content\/uploads\/2025\/08\/Capture-decran-2025-08-20-103413.png","contentUrl":"https:\/\/ehpadpedoya.fr\/wp-content\/uploads\/2025\/08\/Capture-decran-2025-08-20-103413.png","width":193,"height":191},{"@type":"BreadcrumbList","@id":"https:\/\/ehpadpedoya.fr\/?page_id=294#breadcrumb","itemListElement":[{"@type":"ListItem","position":1,"name":"Accueil","item":"https:\/\/ehpadpedoya.fr\/"},{"@type":"ListItem","position":2,"name":"La r\u00e9sidence","item":"https:\/\/ehpadpedoya.fr\/?page_id=156"},{"@type":"ListItem","position":3,"name":"Nos valeurs"}]},{"@type":"WebSite","@id":"https:\/\/ehpadpedoya.fr\/#website","url":"https:\/\/ehpadpedoya.fr\/","name":"R\u00e9sidence G\u00e9n\u00e9ral Gustave P\u00e9doya","description":"&quot;un cadre familial, un accompagnement personnalis\u00e9, une maison pour bien vivre ensemble&quot;","publisher":{"@id":"https:\/\/ehpadpedoya.fr\/#organization"},"potentialAction":[{"@type":"SearchAction","target":{"@type":"EntryPoint","urlTemplate":"https:\/\/ehpadpedoya.fr\/?s={search_term_string}"},"query-input":{"@type":"PropertyValueSpecification","valueRequired":true,"valueName":"search_term_string"}}],"inLanguage":"fr-FR"},{"@type":"Organization","@id":"https:\/\/ehpadpedoya.fr\/#organization","name":"R\u00e9sidence G\u00e9n\u00e9ral Gustave P\u00e9doya","url":"https:\/\/ehpadpedoya.fr\/","logo":{"@type":"ImageObject","inLanguage":"fr-FR","@id":"https:\/\/ehpadpedoya.fr\/#\/schema\/logo\/image\/","url":"https:\/\/ehpadpedoya.fr\/wp-content\/uploads\/2025\/05\/cropped-Capture-decran-2025-05-14-155737.png","contentUrl":"https:\/\/ehpadpedoya.fr\/wp-content\/uploads\/2025\/05\/cropped-Capture-decran-2025-05-14-155737.png","width":184,"height":189,"caption":"R\u00e9sidence G\u00e9n\u00e9ral Gustave P\u00e9doya"},"image":{"@id":"https:\/\/ehpadpedoya.fr\/#\/schema\/logo\/image\/"}}]}},"_links":{"self":[{"href":"https:\/\/ehpadpedoya.fr\/index.php?rest_route=\/wp\/v2\/pages\/294","targetHints":{"allow":["GET"]}}],"collection":[{"href":"https:\/\/ehpadpedoya.fr\/index.php?rest_route=\/wp\/v2\/pages"}],"about":[{"href":"https:\/\/ehpadpedoya.fr\/index.php?rest_route=\/wp\/v2\/types\/page"}],"author":[{"embeddable":true,"href":"https:\/\/ehpadpedoya.fr\/index.php?rest_route=\/wp\/v2\/users\/2"}],"replies":[{"embeddable":true,"href":"https:\/\/ehpadpedoya.fr\/index.php?rest_route=%2Fwp%2Fv2%2Fcomments&post=294"}],"version-history":[{"count":16,"href":"https:\/\/ehpadpedoya.fr\/index.php?rest_route=\/wp\/v2\/pages\/294\/revisions"}],"predecessor-version":[{"id":818,"href":"https:\/\/ehpadpedoya.fr\/index.php?rest_route=\/wp\/v2\/pages\/294\/revisions\/818"}],"up":[{"embeddable":true,"href":"https:\/\/ehpadpedoya.fr\/index.php?rest_route=\/wp\/v2\/pages\/156"}],"wp:attachment":[{"href":"https:\/\/ehpadpedoya.fr\/index.php?rest_route=%2Fwp%2Fv2%2Fmedia&parent=294"}],"curies":[{"name":"wp","href":"https:\/\/api.w.org\/{rel}","templated":true}]}}