{"id":2,"date":"2023-01-17T11:05:41","date_gmt":"2023-01-17T10:05:41","guid":{"rendered":"http:\/\/ehpadpedoya.fr\/?page_id=2"},"modified":"2025-10-23T14:09:45","modified_gmt":"2025-10-23T12:09:45","slug":"page-d-exemple","status":"publish","type":"page","link":"https:\/\/ehpadpedoya.fr\/","title":{"rendered":"Localisation et cadre de vie"},"content":{"rendered":"\n<figure class=\"wp-block-video\"><video height=\"720\" style=\"aspect-ratio: 1280 \/ 720;\" width=\"1280\" controls src=\"http:\/\/ehpadpedoya.fr\/wp-content\/uploads\/2025\/09\/Video-final-03092025.mp4\"><\/video><figcaption class=\"wp-element-caption\">ESTEVE Vanessa Directrice de l&rsquo;EHPAD<\/figcaption><\/figure>\n\n\n\n<p>Situ\u00e9 \u00e0 La Bastide-de-S\u00e9rou, petite commune de l\u2019Ari\u00e8ge (environ 960 habitants, \u00e0 406 m d\u2019altitude), l\u2019\u00e9tablissement b\u00e9n\u00e9ficie d\u2019un environnement calme, verdoyant, entre pi\u00e9mont pyr\u00e9n\u00e9en et nature apaisante. Il se trouve \u00e0 proximit\u00e9 de Foix (15 km) et Saint-Girons (20 km).<\/p>\n\n\n\n<p>L\u2019EHPAD R\u00e9sidence Gustave P\u00e9doya combine un cadre naturel paisible, un accueil m\u00e9dicalis\u00e9 de qualit\u00e9, des dispositifs sp\u00e9cialis\u00e9s pour la maladie d\u2019Alzheimer, un encadrement soignant solide avec une approche humaine et personnalis\u00e9e. De plus, son positionnement public (CCAS) en fait un acteur engag\u00e9 dans la proximit\u00e9 et le service aux familles et r\u00e9sidents.<\/p>\n\n\n\n<hr class=\"wp-block-separator has-text-color has-light-green-cyan-color has-alpha-channel-opacity has-light-green-cyan-background-color has-background\"\/>\n\n\n\n<div class=\"wp-block-columns is-layout-flex wp-container-core-columns-is-layout-9d6595d7 wp-block-columns-is-layout-flex\">\n<div class=\"wp-block-column is-layout-flow wp-block-column-is-layout-flow\">\n<figure class=\"wp-block-image size-full\"><img loading=\"lazy\" decoding=\"async\" width=\"653\" height=\"384\" src=\"http:\/\/ehpadpedoya.fr\/wp-content\/uploads\/2025\/10\/Capture-decran-2025-10-21-142926.png\" alt=\"\" class=\"wp-image-666\" srcset=\"https:\/\/ehpadpedoya.fr\/wp-content\/uploads\/2025\/10\/Capture-decran-2025-10-21-142926.png 653w, https:\/\/ehpadpedoya.fr\/wp-content\/uploads\/2025\/10\/Capture-decran-2025-10-21-142926-300x176.png 300w, https:\/\/ehpadpedoya.fr\/wp-content\/uploads\/2025\/10\/Capture-decran-2025-10-21-142926-102x60.png 102w\" sizes=\"auto, (max-width: 653px) 100vw, 653px\" \/><\/figure>\n<\/div>\n\n\n\n<div class=\"wp-block-column is-layout-flow wp-block-column-is-layout-flow\">\n<figure class=\"wp-block-image size-full\"><img loading=\"lazy\" decoding=\"async\" width=\"358\" height=\"332\" src=\"http:\/\/ehpadpedoya.fr\/wp-content\/uploads\/2025\/10\/Capture-decran-2025-10-21-143013.png\" alt=\"\" class=\"wp-image-667\" srcset=\"https:\/\/ehpadpedoya.fr\/wp-content\/uploads\/2025\/10\/Capture-decran-2025-10-21-143013.png 358w, https:\/\/ehpadpedoya.fr\/wp-content\/uploads\/2025\/10\/Capture-decran-2025-10-21-143013-300x278.png 300w, https:\/\/ehpadpedoya.fr\/wp-content\/uploads\/2025\/10\/Capture-decran-2025-10-21-143013-65x60.png 65w\" sizes=\"auto, (max-width: 358px) 100vw, 358px\" \/><\/figure>\n<\/div>\n<\/div>\n\n\n\n<hr class=\"wp-block-separator has-text-color has-light-green-cyan-color has-alpha-channel-opacity has-light-green-cyan-background-color has-background\"\/>\n\n\n\n<h2 class=\"wp-block-heading\">Le num\u00e9rique<\/h2>\n\n\n\n<figure class=\"wp-block-image size-full\"><img loading=\"lazy\" decoding=\"async\" width=\"774\" height=\"306\" src=\"http:\/\/ehpadpedoya.fr\/wp-content\/uploads\/2025\/10\/Capture-decran-2025-10-23-140807.png\" alt=\"\" class=\"wp-image-770\" srcset=\"https:\/\/ehpadpedoya.fr\/wp-content\/uploads\/2025\/10\/Capture-decran-2025-10-23-140807.png 774w, https:\/\/ehpadpedoya.fr\/wp-content\/uploads\/2025\/10\/Capture-decran-2025-10-23-140807-300x119.png 300w, https:\/\/ehpadpedoya.fr\/wp-content\/uploads\/2025\/10\/Capture-decran-2025-10-23-140807-768x304.png 768w, https:\/\/ehpadpedoya.fr\/wp-content\/uploads\/2025\/10\/Capture-decran-2025-10-23-140807-152x60.png 152w\" sizes=\"auto, (max-width: 774px) 100vw, 774px\" \/><\/figure>\n","protected":false},"excerpt":{"rendered":"<p>Situ\u00e9 \u00e0 La Bastide-de-S\u00e9rou, petite commune de l\u2019Ari\u00e8ge (environ 960 habitants, \u00e0 406 m d\u2019altitude), l\u2019\u00e9tablissement b\u00e9n\u00e9ficie d\u2019un environnement calme, verdoyant, entre pi\u00e9mont pyr\u00e9n\u00e9en et &hellip; <\/p>\n","protected":false},"author":2,"featured_media":0,"parent":0,"menu_order":0,"comment_status":"closed","ping_status":"open","template":"","meta":{"ngg_post_thumbnail":0,"footnotes":""},"class_list":["post-2","page","type-page","status-publish","hentry","latest_post"],"yoast_head":"<!-- This site is optimized with the Yoast SEO plugin v26.6 - https:\/\/yoast.com\/wordpress\/plugins\/seo\/ -->\n<title>Localisation et cadre de vie - R\u00e9sidence G\u00e9n\u00e9ral Gustave PEDOYA<\/title>\n<meta name=\"robots\" content=\"index, follow, max-snippet:-1, max-image-preview:large, max-video-preview:-1\" \/>\n<link rel=\"canonical\" href=\"http:\/\/ehpadpedoya.fr\/\" \/>\n<meta property=\"og:locale\" content=\"fr_FR\" \/>\n<meta property=\"og:type\" content=\"article\" \/>\n<meta property=\"og:title\" content=\"Localisation et cadre de vie - R\u00e9sidence G\u00e9n\u00e9ral Gustave PEDOYA\" \/>\n<meta property=\"og:description\" content=\"Situ\u00e9 \u00e0 La Bastide-de-S\u00e9rou, petite commune de l\u2019Ari\u00e8ge (environ 960 habitants, \u00e0 406 m d\u2019altitude), l\u2019\u00e9tablissement b\u00e9n\u00e9ficie d\u2019un environnement calme, verdoyant, entre pi\u00e9mont pyr\u00e9n\u00e9en et &hellip;\" \/>\n<meta property=\"og:url\" content=\"http:\/\/ehpadpedoya.fr\/\" \/>\n<meta property=\"og:site_name\" content=\"R\u00e9sidence G\u00e9n\u00e9ral Gustave PEDOYA\" \/>\n<meta property=\"article:modified_time\" content=\"2025-10-23T12:09:45+00:00\" \/>\n<meta property=\"og:image\" content=\"http:\/\/ehpadpedoya.fr\/wp-content\/uploads\/2025\/10\/Capture-decran-2025-10-21-142926.png\" \/>\n<meta name=\"twitter:card\" content=\"summary_large_image\" \/>\n<meta name=\"twitter:label1\" content=\"Dur\u00e9e de lecture estim\u00e9e\" \/>\n\t<meta name=\"twitter:data1\" content=\"2 minutes\" \/>\n<script type=\"application\/ld+json\" class=\"yoast-schema-graph\">{\"@context\":\"https:\/\/schema.org\",\"@graph\":[{\"@type\":\"WebPage\",\"@id\":\"http:\/\/ehpadpedoya.fr\/\",\"url\":\"http:\/\/ehpadpedoya.fr\/\",\"name\":\"Localisation et cadre de vie - R\u00e9sidence G\u00e9n\u00e9ral Gustave PEDOYA\",\"isPartOf\":{\"@id\":\"http:\/\/ehpadpedoya.fr\/#website\"},\"primaryImageOfPage\":{\"@id\":\"http:\/\/ehpadpedoya.fr\/#primaryimage\"},\"image\":{\"@id\":\"http:\/\/ehpadpedoya.fr\/#primaryimage\"},\"thumbnailUrl\":\"http:\/\/ehpadpedoya.fr\/wp-content\/uploads\/2025\/10\/Capture-decran-2025-10-21-142926.png\",\"datePublished\":\"2023-01-17T10:05:41+00:00\",\"dateModified\":\"2025-10-23T12:09:45+00:00\",\"breadcrumb\":{\"@id\":\"http:\/\/ehpadpedoya.fr\/#breadcrumb\"},\"inLanguage\":\"fr-FR\",\"potentialAction\":[{\"@type\":\"ReadAction\",\"target\":[\"http:\/\/ehpadpedoya.fr\/\"]}]},{\"@type\":\"ImageObject\",\"inLanguage\":\"fr-FR\",\"@id\":\"http:\/\/ehpadpedoya.fr\/#primaryimage\",\"url\":\"https:\/\/ehpadpedoya.fr\/wp-content\/uploads\/2025\/10\/Capture-decran-2025-10-21-142926.png\",\"contentUrl\":\"https:\/\/ehpadpedoya.fr\/wp-content\/uploads\/2025\/10\/Capture-decran-2025-10-21-142926.png\",\"width\":653,\"height\":384},{\"@type\":\"BreadcrumbList\",\"@id\":\"http:\/\/ehpadpedoya.fr\/#breadcrumb\",\"itemListElement\":[{\"@type\":\"ListItem\",\"position\":1,\"name\":\"Accueil\",\"item\":\"http:\/\/ehpadpedoya.fr\/\"},{\"@type\":\"ListItem\",\"position\":2,\"name\":\"Localisation et cadre de vie\"}]},{\"@type\":\"WebSite\",\"@id\":\"http:\/\/ehpadpedoya.fr\/#website\",\"url\":\"http:\/\/ehpadpedoya.fr\/\",\"name\":\"R\u00e9sidence G\u00e9n\u00e9ral Gustave P\u00e9doya\",\"description\":\"&quot;un cadre familial, un accompagnement personnalis\u00e9, une maison pour bien vivre ensemble&quot;\",\"publisher\":{\"@id\":\"http:\/\/ehpadpedoya.fr\/#organization\"},\"potentialAction\":[{\"@type\":\"SearchAction\",\"target\":{\"@type\":\"EntryPoint\",\"urlTemplate\":\"http:\/\/ehpadpedoya.fr\/?s={search_term_string}\"},\"query-input\":{\"@type\":\"PropertyValueSpecification\",\"valueRequired\":true,\"valueName\":\"search_term_string\"}}],\"inLanguage\":\"fr-FR\"},{\"@type\":\"Organization\",\"@id\":\"http:\/\/ehpadpedoya.fr\/#organization\",\"name\":\"R\u00e9sidence G\u00e9n\u00e9ral Gustave P\u00e9doya\",\"url\":\"http:\/\/ehpadpedoya.fr\/\",\"logo\":{\"@type\":\"ImageObject\",\"inLanguage\":\"fr-FR\",\"@id\":\"http:\/\/ehpadpedoya.fr\/#\/schema\/logo\/image\/\",\"url\":\"https:\/\/ehpadpedoya.fr\/wp-content\/uploads\/2025\/05\/cropped-Capture-decran-2025-05-14-155737.png\",\"contentUrl\":\"https:\/\/ehpadpedoya.fr\/wp-content\/uploads\/2025\/05\/cropped-Capture-decran-2025-05-14-155737.png\",\"width\":184,\"height\":189,\"caption\":\"R\u00e9sidence G\u00e9n\u00e9ral Gustave P\u00e9doya\"},\"image\":{\"@id\":\"http:\/\/ehpadpedoya.fr\/#\/schema\/logo\/image\/\"}}]}<\/script>\n<!-- \/ Yoast SEO plugin. -->","yoast_head_json":{"title":"Localisation et cadre de vie - R\u00e9sidence G\u00e9n\u00e9ral Gustave PEDOYA","robots":{"index":"index","follow":"follow","max-snippet":"max-snippet:-1","max-image-preview":"max-image-preview:large","max-video-preview":"max-video-preview:-1"},"canonical":"http:\/\/ehpadpedoya.fr\/","og_locale":"fr_FR","og_type":"article","og_title":"Localisation et cadre de vie - R\u00e9sidence G\u00e9n\u00e9ral Gustave PEDOYA","og_description":"Situ\u00e9 \u00e0 La Bastide-de-S\u00e9rou, petite commune de l\u2019Ari\u00e8ge (environ 960 habitants, \u00e0 406 m d\u2019altitude), l\u2019\u00e9tablissement b\u00e9n\u00e9ficie d\u2019un environnement calme, verdoyant, entre pi\u00e9mont pyr\u00e9n\u00e9en et &hellip;","og_url":"http:\/\/ehpadpedoya.fr\/","og_site_name":"R\u00e9sidence G\u00e9n\u00e9ral Gustave PEDOYA","article_modified_time":"2025-10-23T12:09:45+00:00","og_image":[{"url":"http:\/\/ehpadpedoya.fr\/wp-content\/uploads\/2025\/10\/Capture-decran-2025-10-21-142926.png","type":"","width":"","height":""}],"twitter_card":"summary_large_image","twitter_misc":{"Dur\u00e9e de lecture estim\u00e9e":"2 minutes"},"schema":{"@context":"https:\/\/schema.org","@graph":[{"@type":"WebPage","@id":"http:\/\/ehpadpedoya.fr\/","url":"http:\/\/ehpadpedoya.fr\/","name":"Localisation et cadre de vie - R\u00e9sidence G\u00e9n\u00e9ral Gustave PEDOYA","isPartOf":{"@id":"http:\/\/ehpadpedoya.fr\/#website"},"primaryImageOfPage":{"@id":"http:\/\/ehpadpedoya.fr\/#primaryimage"},"image":{"@id":"http:\/\/ehpadpedoya.fr\/#primaryimage"},"thumbnailUrl":"http:\/\/ehpadpedoya.fr\/wp-content\/uploads\/2025\/10\/Capture-decran-2025-10-21-142926.png","datePublished":"2023-01-17T10:05:41+00:00","dateModified":"2025-10-23T12:09:45+00:00","breadcrumb":{"@id":"http:\/\/ehpadpedoya.fr\/#breadcrumb"},"inLanguage":"fr-FR","potentialAction":[{"@type":"ReadAction","target":["http:\/\/ehpadpedoya.fr\/"]}]},{"@type":"ImageObject","inLanguage":"fr-FR","@id":"http:\/\/ehpadpedoya.fr\/#primaryimage","url":"https:\/\/ehpadpedoya.fr\/wp-content\/uploads\/2025\/10\/Capture-decran-2025-10-21-142926.png","contentUrl":"https:\/\/ehpadpedoya.fr\/wp-content\/uploads\/2025\/10\/Capture-decran-2025-10-21-142926.png","width":653,"height":384},{"@type":"BreadcrumbList","@id":"http:\/\/ehpadpedoya.fr\/#breadcrumb","itemListElement":[{"@type":"ListItem","position":1,"name":"Accueil","item":"http:\/\/ehpadpedoya.fr\/"},{"@type":"ListItem","position":2,"name":"Localisation et cadre de vie"}]},{"@type":"WebSite","@id":"http:\/\/ehpadpedoya.fr\/#website","url":"http:\/\/ehpadpedoya.fr\/","name":"R\u00e9sidence G\u00e9n\u00e9ral Gustave P\u00e9doya","description":"&quot;un cadre familial, un accompagnement personnalis\u00e9, une maison pour bien vivre ensemble&quot;","publisher":{"@id":"http:\/\/ehpadpedoya.fr\/#organization"},"potentialAction":[{"@type":"SearchAction","target":{"@type":"EntryPoint","urlTemplate":"http:\/\/ehpadpedoya.fr\/?s={search_term_string}"},"query-input":{"@type":"PropertyValueSpecification","valueRequired":true,"valueName":"search_term_string"}}],"inLanguage":"fr-FR"},{"@type":"Organization","@id":"http:\/\/ehpadpedoya.fr\/#organization","name":"R\u00e9sidence G\u00e9n\u00e9ral Gustave P\u00e9doya","url":"http:\/\/ehpadpedoya.fr\/","logo":{"@type":"ImageObject","inLanguage":"fr-FR","@id":"http:\/\/ehpadpedoya.fr\/#\/schema\/logo\/image\/","url":"https:\/\/ehpadpedoya.fr\/wp-content\/uploads\/2025\/05\/cropped-Capture-decran-2025-05-14-155737.png","contentUrl":"https:\/\/ehpadpedoya.fr\/wp-content\/uploads\/2025\/05\/cropped-Capture-decran-2025-05-14-155737.png","width":184,"height":189,"caption":"R\u00e9sidence G\u00e9n\u00e9ral Gustave P\u00e9doya"},"image":{"@id":"http:\/\/ehpadpedoya.fr\/#\/schema\/logo\/image\/"}}]}},"_links":{"self":[{"href":"https:\/\/ehpadpedoya.fr\/index.php?rest_route=\/wp\/v2\/pages\/2","targetHints":{"allow":["GET"]}}],"collection":[{"href":"https:\/\/ehpadpedoya.fr\/index.php?rest_route=\/wp\/v2\/pages"}],"about":[{"href":"https:\/\/ehpadpedoya.fr\/index.php?rest_route=\/wp\/v2\/types\/page"}],"author":[{"embeddable":true,"href":"https:\/\/ehpadpedoya.fr\/index.php?rest_route=\/wp\/v2\/users\/2"}],"replies":[{"embeddable":true,"href":"https:\/\/ehpadpedoya.fr\/index.php?rest_route=%2Fwp%2Fv2%2Fcomments&post=2"}],"version-history":[{"count":46,"href":"https:\/\/ehpadpedoya.fr\/index.php?rest_route=\/wp\/v2\/pages\/2\/revisions"}],"predecessor-version":[{"id":772,"href":"https:\/\/ehpadpedoya.fr\/index.php?rest_route=\/wp\/v2\/pages\/2\/revisions\/772"}],"wp:attachment":[{"href":"https:\/\/ehpadpedoya.fr\/index.php?rest_route=%2Fwp%2Fv2%2Fmedia&parent=2"}],"curies":[{"name":"wp","href":"https:\/\/api.w.org\/{rel}","templated":true}]}}