{"id":191,"date":"2025-05-12T11:53:35","date_gmt":"2025-05-12T09:53:35","guid":{"rendered":"http:\/\/ehpadpedoya.fr\/?page_id=191"},"modified":"2025-12-09T14:44:35","modified_gmt":"2025-12-09T13:44:35","slug":"le-mot-de-la-presidente","status":"publish","type":"page","link":"https:\/\/ehpadpedoya.fr\/?page_id=191","title":{"rendered":"Notre engagement"},"content":{"rendered":"\n<p class=\"has-text-align-justify has-text-align-justify\">Le projet d\u2019\u00e9tablissement constitue l\u2019\u00e9l\u00e9ment central de la politique men\u00e9e par l\u2019ensemble du personnel afin de garantir aux r\u00e9sidents de l\u2019EHPAD et \u00e0 leurs proches un accompagnement adapt\u00e9 \u00e0 leurs besoins et dans le respect de leur choix.<\/p>\n\n\n\n<div class=\"wp-block-columns is-layout-flex wp-container-core-columns-is-layout-9d6595d7 wp-block-columns-is-layout-flex\">\n<div class=\"wp-block-column is-layout-flow wp-block-column-is-layout-flow\" style=\"flex-basis:66.66%\">\n<p class=\"has-text-align-justify has-text-align-justify\">V\u00e9ritable outil f\u00e9d\u00e9rateur, il a pour objectif de fixer les<br>orientations strat\u00e9giques de l\u2019EHPAD pour les cinq ann\u00e9es \u00e0 venir et d\u2019\u00eatre le fil conducteur pour l\u2019ensemble des acteurs.<\/p>\n\n\n\n<p class=\"has-text-align-justify has-text-align-justify\">Au cours de l\u2019ann\u00e9e 2023, l\u2019\u00e9quipe de l\u2019EHPAD R\u00e9sidence<br>Gustave P\u00e9doya a r\u00e9dig\u00e9 son nouveau projet<br>institutionnel.<\/p>\n<\/div>\n\n\n\n<div class=\"wp-block-column is-layout-flow wp-block-column-is-layout-flow\" style=\"flex-basis:33.33%\">\n<figure class=\"wp-block-image size-full\"><img loading=\"lazy\" decoding=\"async\" width=\"263\" height=\"239\" src=\"https:\/\/ehpadpedoya.fr\/wp-content\/uploads\/2025\/08\/Capture-decran-2025-08-20-091950.png\" alt=\"\" class=\"wp-image-350\" srcset=\"https:\/\/ehpadpedoya.fr\/wp-content\/uploads\/2025\/08\/Capture-decran-2025-08-20-091950.png 263w, https:\/\/ehpadpedoya.fr\/wp-content\/uploads\/2025\/08\/Capture-decran-2025-08-20-091950-66x60.png 66w\" sizes=\"auto, (max-width: 263px) 100vw, 263px\" \/><figcaption class=\"wp-element-caption\">Vanessa Est\u00e8ve &#8211; Directrice<\/figcaption><\/figure>\n\n\n\n<p>&nbsp;<\/p>\n<\/div>\n<\/div>\n\n\n\n<hr class=\"wp-block-separator has-text-color has-alpha-channel-opacity has-background\" style=\"background-color:#81d742;color:#81d742\"\/>\n\n\n\n<p class=\"has-text-align-justify has-text-align-justify\">Inscrit dans la continuit\u00e9 du plan pr\u00e9c\u00e9dent (2019-2023), le programme 2024-2028 se veut<br>novateur.<br>Ce projet d\u2019\u00e9tablissement devra \u00eatre un instrument de n\u00e9gociation avec les autorit\u00e9s<br>lors de la prochaine signature du Contrat Pluriannuel d\u2019Objectifs et de Moyens (CPOM)<br>2024-2028 avec l\u2019ARS et le Conseil D\u00e9partemental de l\u2019Ari\u00e8ge.<\/p>\n\n\n\n<hr class=\"wp-block-separator has-text-color has-alpha-channel-opacity has-background\" style=\"background-color:#81d742;color:#81d742\"\/>\n\n\n\n<p>&nbsp;<\/p>\n\n\n\n<div data-wp-interactive=\"core\/file\" class=\"wp-block-file\"><object data-wp-bind--hidden=\"!state.hasPdfPreview\" hidden class=\"wp-block-file__embed\" data=\"https:\/\/ehpadpedoya.fr\/wp-content\/uploads\/2025\/08\/Projet-detablissement-2024-compresse.pdf\" type=\"application\/pdf\" style=\"width:100%;height:600px\" aria-label=\"Contenu embarqu\u00e9 Projet d&apos;\u00e9tablissement 2024.\"><\/object><a id=\"wp-block-file--media-8d2669e5-a32e-4429-bf00-325c6d8e8a9d\" href=\"https:\/\/ehpadpedoya.fr\/wp-content\/uploads\/2025\/08\/Projet-detablissement-2024-compresse.pdf\">Projet d&rsquo;\u00e9tablissement 2024<\/a><a href=\"https:\/\/ehpadpedoya.fr\/wp-content\/uploads\/2025\/08\/Projet-detablissement-2024-compresse.pdf\" class=\"wp-block-file__button wp-element-button\" download aria-describedby=\"wp-block-file--media-8d2669e5-a32e-4429-bf00-325c6d8e8a9d\">T\u00e9l\u00e9charger<\/a><\/div>\n\n\n\n<hr class=\"wp-block-separator has-text-color has-alpha-channel-opacity has-background\" style=\"background-color:#81d742;color:#81d742\"\/>\n\n\n\n<h2 class=\"wp-block-heading\">Nos missions<\/h2>\n\n\n\n<p class=\"has-text-align-justify has-text-align-justify\">Professionnels administratifs, m\u00e9dicaux, soignants, techniques, h\u00f4teliers\u2026 Nous formons une \u00e9quipe aux expertises compl\u00e9mentaires, d\u00e9di\u00e9e \u00e0 l\u2019accompagnement global individualis\u00e9 des personnes \u00e2g\u00e9es et de leur entourage.<\/p>\n\n\n\n<figure class=\"wp-block-image size-full\"><img loading=\"lazy\" decoding=\"async\" width=\"740\" height=\"669\" src=\"https:\/\/ehpadpedoya.fr\/wp-content\/uploads\/2025\/08\/Capture-decran-2025-08-20-155534.png\" alt=\"\" class=\"wp-image-392\" srcset=\"https:\/\/ehpadpedoya.fr\/wp-content\/uploads\/2025\/08\/Capture-decran-2025-08-20-155534.png 740w, https:\/\/ehpadpedoya.fr\/wp-content\/uploads\/2025\/08\/Capture-decran-2025-08-20-155534-300x271.png 300w, https:\/\/ehpadpedoya.fr\/wp-content\/uploads\/2025\/08\/Capture-decran-2025-08-20-155534-66x60.png 66w\" sizes=\"auto, (max-width: 740px) 100vw, 740px\" \/><\/figure>\n","protected":false},"excerpt":{"rendered":"<p>Le projet d\u2019\u00e9tablissement constitue l\u2019\u00e9l\u00e9ment central de la politique men\u00e9e par l\u2019ensemble du personnel afin de garantir aux r\u00e9sidents de l\u2019EHPAD et \u00e0 leurs proches &hellip; <\/p>\n","protected":false},"author":2,"featured_media":0,"parent":0,"menu_order":0,"comment_status":"closed","ping_status":"closed","template":"","meta":{"ngg_post_thumbnail":0,"footnotes":""},"class_list":["post-191","page","type-page","status-publish","hentry","latest_post"],"yoast_head":"<!-- This site is optimized with the Yoast SEO plugin v27.3 - https:\/\/yoast.com\/product\/yoast-seo-wordpress\/ -->\n<title>Notre engagement - R\u00e9sidence G\u00e9n\u00e9ral Gustave PEDOYA<\/title>\n<meta name=\"robots\" content=\"index, follow, max-snippet:-1, max-image-preview:large, max-video-preview:-1\" \/>\n<link rel=\"canonical\" href=\"https:\/\/ehpadpedoya.fr\/?page_id=191\" \/>\n<meta property=\"og:locale\" content=\"fr_FR\" \/>\n<meta property=\"og:type\" content=\"article\" \/>\n<meta property=\"og:title\" content=\"Notre engagement - R\u00e9sidence G\u00e9n\u00e9ral Gustave PEDOYA\" \/>\n<meta property=\"og:description\" content=\"Le projet d\u2019\u00e9tablissement constitue l\u2019\u00e9l\u00e9ment central de la politique men\u00e9e par l\u2019ensemble du personnel afin de garantir aux r\u00e9sidents de l\u2019EHPAD et \u00e0 leurs proches &hellip;\" \/>\n<meta property=\"og:url\" content=\"https:\/\/ehpadpedoya.fr\/?page_id=191\" \/>\n<meta property=\"og:site_name\" content=\"R\u00e9sidence G\u00e9n\u00e9ral Gustave PEDOYA\" \/>\n<meta property=\"article:modified_time\" content=\"2025-12-09T13:44:35+00:00\" \/>\n<meta property=\"og:image\" content=\"http:\/\/ehpadpedoya.fr\/wp-content\/uploads\/2025\/08\/Capture-decran-2025-08-20-091950.png\" \/>\n<meta name=\"twitter:card\" content=\"summary_large_image\" \/>\n<meta name=\"twitter:label1\" content=\"Dur\u00e9e de lecture estim\u00e9e\" \/>\n\t<meta name=\"twitter:data1\" content=\"2 minutes\" \/>\n<script type=\"application\/ld+json\" class=\"yoast-schema-graph\">{\"@context\":\"https:\\\/\\\/schema.org\",\"@graph\":[{\"@type\":\"WebPage\",\"@id\":\"https:\\\/\\\/ehpadpedoya.fr\\\/?page_id=191\",\"url\":\"https:\\\/\\\/ehpadpedoya.fr\\\/?page_id=191\",\"name\":\"Notre engagement - R\u00e9sidence G\u00e9n\u00e9ral Gustave PEDOYA\",\"isPartOf\":{\"@id\":\"https:\\\/\\\/ehpadpedoya.fr\\\/#website\"},\"primaryImageOfPage\":{\"@id\":\"https:\\\/\\\/ehpadpedoya.fr\\\/?page_id=191#primaryimage\"},\"image\":{\"@id\":\"https:\\\/\\\/ehpadpedoya.fr\\\/?page_id=191#primaryimage\"},\"thumbnailUrl\":\"http:\\\/\\\/ehpadpedoya.fr\\\/wp-content\\\/uploads\\\/2025\\\/08\\\/Capture-decran-2025-08-20-091950.png\",\"datePublished\":\"2025-05-12T09:53:35+00:00\",\"dateModified\":\"2025-12-09T13:44:35+00:00\",\"breadcrumb\":{\"@id\":\"https:\\\/\\\/ehpadpedoya.fr\\\/?page_id=191#breadcrumb\"},\"inLanguage\":\"fr-FR\",\"potentialAction\":[{\"@type\":\"ReadAction\",\"target\":[\"https:\\\/\\\/ehpadpedoya.fr\\\/?page_id=191\"]}]},{\"@type\":\"ImageObject\",\"inLanguage\":\"fr-FR\",\"@id\":\"https:\\\/\\\/ehpadpedoya.fr\\\/?page_id=191#primaryimage\",\"url\":\"https:\\\/\\\/ehpadpedoya.fr\\\/wp-content\\\/uploads\\\/2025\\\/08\\\/Capture-decran-2025-08-20-091950.png\",\"contentUrl\":\"https:\\\/\\\/ehpadpedoya.fr\\\/wp-content\\\/uploads\\\/2025\\\/08\\\/Capture-decran-2025-08-20-091950.png\",\"width\":263,\"height\":239},{\"@type\":\"BreadcrumbList\",\"@id\":\"https:\\\/\\\/ehpadpedoya.fr\\\/?page_id=191#breadcrumb\",\"itemListElement\":[{\"@type\":\"ListItem\",\"position\":1,\"name\":\"Accueil\",\"item\":\"https:\\\/\\\/ehpadpedoya.fr\\\/\"},{\"@type\":\"ListItem\",\"position\":2,\"name\":\"Notre engagement\"}]},{\"@type\":\"WebSite\",\"@id\":\"https:\\\/\\\/ehpadpedoya.fr\\\/#website\",\"url\":\"https:\\\/\\\/ehpadpedoya.fr\\\/\",\"name\":\"R\u00e9sidence G\u00e9n\u00e9ral Gustave P\u00e9doya\",\"description\":\"&quot;un cadre familial, un accompagnement personnalis\u00e9, une maison pour bien vivre ensemble&quot;\",\"publisher\":{\"@id\":\"https:\\\/\\\/ehpadpedoya.fr\\\/#organization\"},\"potentialAction\":[{\"@type\":\"SearchAction\",\"target\":{\"@type\":\"EntryPoint\",\"urlTemplate\":\"https:\\\/\\\/ehpadpedoya.fr\\\/?s={search_term_string}\"},\"query-input\":{\"@type\":\"PropertyValueSpecification\",\"valueRequired\":true,\"valueName\":\"search_term_string\"}}],\"inLanguage\":\"fr-FR\"},{\"@type\":\"Organization\",\"@id\":\"https:\\\/\\\/ehpadpedoya.fr\\\/#organization\",\"name\":\"R\u00e9sidence G\u00e9n\u00e9ral Gustave P\u00e9doya\",\"url\":\"https:\\\/\\\/ehpadpedoya.fr\\\/\",\"logo\":{\"@type\":\"ImageObject\",\"inLanguage\":\"fr-FR\",\"@id\":\"https:\\\/\\\/ehpadpedoya.fr\\\/#\\\/schema\\\/logo\\\/image\\\/\",\"url\":\"https:\\\/\\\/ehpadpedoya.fr\\\/wp-content\\\/uploads\\\/2025\\\/05\\\/cropped-Capture-decran-2025-05-14-155737.png\",\"contentUrl\":\"https:\\\/\\\/ehpadpedoya.fr\\\/wp-content\\\/uploads\\\/2025\\\/05\\\/cropped-Capture-decran-2025-05-14-155737.png\",\"width\":184,\"height\":189,\"caption\":\"R\u00e9sidence G\u00e9n\u00e9ral Gustave P\u00e9doya\"},\"image\":{\"@id\":\"https:\\\/\\\/ehpadpedoya.fr\\\/#\\\/schema\\\/logo\\\/image\\\/\"}}]}<\/script>\n<!-- \/ Yoast SEO plugin. -->","yoast_head_json":{"title":"Notre engagement - R\u00e9sidence G\u00e9n\u00e9ral Gustave PEDOYA","robots":{"index":"index","follow":"follow","max-snippet":"max-snippet:-1","max-image-preview":"max-image-preview:large","max-video-preview":"max-video-preview:-1"},"canonical":"https:\/\/ehpadpedoya.fr\/?page_id=191","og_locale":"fr_FR","og_type":"article","og_title":"Notre engagement - R\u00e9sidence G\u00e9n\u00e9ral Gustave PEDOYA","og_description":"Le projet d\u2019\u00e9tablissement constitue l\u2019\u00e9l\u00e9ment central de la politique men\u00e9e par l\u2019ensemble du personnel afin de garantir aux r\u00e9sidents de l\u2019EHPAD et \u00e0 leurs proches &hellip;","og_url":"https:\/\/ehpadpedoya.fr\/?page_id=191","og_site_name":"R\u00e9sidence G\u00e9n\u00e9ral Gustave PEDOYA","article_modified_time":"2025-12-09T13:44:35+00:00","og_image":[{"url":"http:\/\/ehpadpedoya.fr\/wp-content\/uploads\/2025\/08\/Capture-decran-2025-08-20-091950.png","type":"","width":"","height":""}],"twitter_card":"summary_large_image","twitter_misc":{"Dur\u00e9e de lecture estim\u00e9e":"2 minutes"},"schema":{"@context":"https:\/\/schema.org","@graph":[{"@type":"WebPage","@id":"https:\/\/ehpadpedoya.fr\/?page_id=191","url":"https:\/\/ehpadpedoya.fr\/?page_id=191","name":"Notre engagement - R\u00e9sidence G\u00e9n\u00e9ral Gustave PEDOYA","isPartOf":{"@id":"https:\/\/ehpadpedoya.fr\/#website"},"primaryImageOfPage":{"@id":"https:\/\/ehpadpedoya.fr\/?page_id=191#primaryimage"},"image":{"@id":"https:\/\/ehpadpedoya.fr\/?page_id=191#primaryimage"},"thumbnailUrl":"http:\/\/ehpadpedoya.fr\/wp-content\/uploads\/2025\/08\/Capture-decran-2025-08-20-091950.png","datePublished":"2025-05-12T09:53:35+00:00","dateModified":"2025-12-09T13:44:35+00:00","breadcrumb":{"@id":"https:\/\/ehpadpedoya.fr\/?page_id=191#breadcrumb"},"inLanguage":"fr-FR","potentialAction":[{"@type":"ReadAction","target":["https:\/\/ehpadpedoya.fr\/?page_id=191"]}]},{"@type":"ImageObject","inLanguage":"fr-FR","@id":"https:\/\/ehpadpedoya.fr\/?page_id=191#primaryimage","url":"https:\/\/ehpadpedoya.fr\/wp-content\/uploads\/2025\/08\/Capture-decran-2025-08-20-091950.png","contentUrl":"https:\/\/ehpadpedoya.fr\/wp-content\/uploads\/2025\/08\/Capture-decran-2025-08-20-091950.png","width":263,"height":239},{"@type":"BreadcrumbList","@id":"https:\/\/ehpadpedoya.fr\/?page_id=191#breadcrumb","itemListElement":[{"@type":"ListItem","position":1,"name":"Accueil","item":"https:\/\/ehpadpedoya.fr\/"},{"@type":"ListItem","position":2,"name":"Notre engagement"}]},{"@type":"WebSite","@id":"https:\/\/ehpadpedoya.fr\/#website","url":"https:\/\/ehpadpedoya.fr\/","name":"R\u00e9sidence G\u00e9n\u00e9ral Gustave P\u00e9doya","description":"&quot;un cadre familial, un accompagnement personnalis\u00e9, une maison pour bien vivre ensemble&quot;","publisher":{"@id":"https:\/\/ehpadpedoya.fr\/#organization"},"potentialAction":[{"@type":"SearchAction","target":{"@type":"EntryPoint","urlTemplate":"https:\/\/ehpadpedoya.fr\/?s={search_term_string}"},"query-input":{"@type":"PropertyValueSpecification","valueRequired":true,"valueName":"search_term_string"}}],"inLanguage":"fr-FR"},{"@type":"Organization","@id":"https:\/\/ehpadpedoya.fr\/#organization","name":"R\u00e9sidence G\u00e9n\u00e9ral Gustave P\u00e9doya","url":"https:\/\/ehpadpedoya.fr\/","logo":{"@type":"ImageObject","inLanguage":"fr-FR","@id":"https:\/\/ehpadpedoya.fr\/#\/schema\/logo\/image\/","url":"https:\/\/ehpadpedoya.fr\/wp-content\/uploads\/2025\/05\/cropped-Capture-decran-2025-05-14-155737.png","contentUrl":"https:\/\/ehpadpedoya.fr\/wp-content\/uploads\/2025\/05\/cropped-Capture-decran-2025-05-14-155737.png","width":184,"height":189,"caption":"R\u00e9sidence G\u00e9n\u00e9ral Gustave P\u00e9doya"},"image":{"@id":"https:\/\/ehpadpedoya.fr\/#\/schema\/logo\/image\/"}}]}},"_links":{"self":[{"href":"https:\/\/ehpadpedoya.fr\/index.php?rest_route=\/wp\/v2\/pages\/191","targetHints":{"allow":["GET"]}}],"collection":[{"href":"https:\/\/ehpadpedoya.fr\/index.php?rest_route=\/wp\/v2\/pages"}],"about":[{"href":"https:\/\/ehpadpedoya.fr\/index.php?rest_route=\/wp\/v2\/types\/page"}],"author":[{"embeddable":true,"href":"https:\/\/ehpadpedoya.fr\/index.php?rest_route=\/wp\/v2\/users\/2"}],"replies":[{"embeddable":true,"href":"https:\/\/ehpadpedoya.fr\/index.php?rest_route=%2Fwp%2Fv2%2Fcomments&post=191"}],"version-history":[{"count":16,"href":"https:\/\/ehpadpedoya.fr\/index.php?rest_route=\/wp\/v2\/pages\/191\/revisions"}],"predecessor-version":[{"id":814,"href":"https:\/\/ehpadpedoya.fr\/index.php?rest_route=\/wp\/v2\/pages\/191\/revisions\/814"}],"wp:attachment":[{"href":"https:\/\/ehpadpedoya.fr\/index.php?rest_route=%2Fwp%2Fv2%2Fmedia&parent=191"}],"curies":[{"name":"wp","href":"https:\/\/api.w.org\/{rel}","templated":true}]}}