{"id":185,"date":"2025-05-12T11:31:30","date_gmt":"2025-05-12T09:31:30","guid":{"rendered":"http:\/\/ehpadpedoya.fr\/?page_id=185"},"modified":"2025-06-10T11:04:59","modified_gmt":"2025-06-10T09:04:59","slug":"animations-sociales","status":"publish","type":"page","link":"https:\/\/ehpadpedoya.fr\/?page_id=185","title":{"rendered":"Animations Sociales"},"content":{"rendered":"\n\t<div id=\"wpbaw-blog-1\" class=\"blogfree-plugin blog-clearfix \">\n\t\n\t\t\t\t<div id=\"post-588\" class=\"blog type-blog blog-clearfix wpbaw-blog-class blog-col-0 has-date has-thumb\">\n\t\t\t<div class=\"blog-inner-wrap-view blog-clearfix\">\n\t\t\t\t\t\t\t\t\t<div class=\"blog-thumb\">\n\t\t\t\t\t\t<div class=\"grid-blog-thumb\">\n\t\t\t\t\t\t\t<a href=\"https:\/\/ehpadpedoya.fr\/?blog_post=fete-de-saint-roch\"><img decoding=\"async\" class=\"wpbaw-blog-img\" src=\"https:\/\/ehpadpedoya.fr\/wp-content\/uploads\/2025\/09\/20250906_125640-768x1024.jpg\" alt=\"F\u00eate de Saint-Roch\"\/><\/a>\n\t\t\t\t\t\t<\/div>\n\t\t\t\t\t<\/div>\n\t\t\t\t\n\t\t\t\t<div class=\"blog-content\">\n\t\t\t\t\t\t\t\t\t\t\t\t<div class=\"blog-author\">\n\t\t\t\t\t\t\t\t\t\t\t\t\t\t\t\t\t<span>\n\t\t\t\t\t\t\t\t\t\tPar <a href=\"https:\/\/ehpadpedoya.fr\/?author=2\" target=\"_self\">Jeremy REVERT<\/a>\n\t\t\t\t\t\t\t\t\t<\/span>\n\t\t\t\t\t\t\t\t \/ 8 septembre 2025\t\t\t\t\t\t\t<\/div>\n\t\t\t\t\t\t\n\t\t\t\t\t<div class=\"post-content-text\">\n\t\t\t\t\t\t\t\t\t\t\t\t<h3 class=\"blog-title\"><a href=\"https:\/\/ehpadpedoya.fr\/?blog_post=fete-de-saint-roch\" rel=\"bookmark\">F\u00eate de Saint-Roch<\/a><\/h3>\n\t\t\t\t\t\t\t\t\t\t\t\t<div class=\"blog-content-excerpt\">\n\t\t\t\t\t\t\t\t\t\t\t\t\t\t\t<p class=\"blog-short-content\">L\u2019\u00e9v\u00e9nement se d\u00e9roule chaque ann\u00e9e \u00e0 l\u2019EHPAD R\u00e9sidence Gustave\u2011P\u00e9doya, situ\u00e9 \u00ab\u202flieu\u2011dit Saint\u2011Roch\u202f\u00bb, \u00e0 La\u202fBastide\u2011de\u2011S\u00e9rou, petite commune ari\u00e9geoise au cadre semi\u2011montagneux,&#8230;<\/p>\n\t\t\t\t\t\t\t\t<a href=\"https:\/\/ehpadpedoya.fr\/?blog_post=fete-de-saint-roch\" class=\"blog-more-link\"> En savoir plus<\/a>\n\t\t\t\t\t\t\t\t\t\t\t\t\t<\/div>\n\t\t\t\t\t\t\t\t\t\t\t<\/div>\n\t\t\t\t<\/div>\n\t\t\t<\/div>\n\t\t<\/div>\n\t\t\t\t<div id=\"post-308\" class=\"blog type-blog blog-clearfix wpbaw-blog-class blog-col-0 has-date has-thumb\">\n\t\t\t<div class=\"blog-inner-wrap-view blog-clearfix\">\n\t\t\t\t\t\t\t\t\t<div class=\"blog-thumb\">\n\t\t\t\t\t\t<div class=\"grid-blog-thumb\">\n\t\t\t\t\t\t\t<a href=\"https:\/\/ehpadpedoya.fr\/?blog_post=animations-sociales\"><img decoding=\"async\" class=\"wpbaw-blog-img\" src=\"https:\/\/ehpadpedoya.fr\/wp-content\/uploads\/2025\/06\/Capture-decran-2025-08-20-084758.png\" alt=\"Association St Roch\"\/><\/a>\n\t\t\t\t\t\t<\/div>\n\t\t\t\t\t<\/div>\n\t\t\t\t\n\t\t\t\t<div class=\"blog-content\">\n\t\t\t\t\t\t\t\t\t\t\t\t<div class=\"blog-author\">\n\t\t\t\t\t\t\t\t\t\t\t\t\t\t\t\t\t<span>\n\t\t\t\t\t\t\t\t\t\tPar <a href=\"https:\/\/ehpadpedoya.fr\/?author=2\" target=\"_self\">Jeremy REVERT<\/a>\n\t\t\t\t\t\t\t\t\t<\/span>\n\t\t\t\t\t\t\t\t \/ 10 juin 2025\t\t\t\t\t\t\t<\/div>\n\t\t\t\t\t\t\n\t\t\t\t\t<div class=\"post-content-text\">\n\t\t\t\t\t\t\t\t\t\t\t\t<h3 class=\"blog-title\"><a href=\"https:\/\/ehpadpedoya.fr\/?blog_post=animations-sociales\" rel=\"bookmark\">Association St Roch<\/a><\/h3>\n\t\t\t\t\t\t\t\t\t\t\t\t<div class=\"blog-content-excerpt\">\n\t\t\t\t\t\t\t\t\t\t\t\t\t\t\t<p class=\"blog-short-content\">\u00ab Les Amis de Saint Roch \u00bb existe depuis plus de 15 ans.&nbsp; Soutenue par les professionnels, les usagers et&#8230;<\/p>\n\t\t\t\t\t\t\t\t<a href=\"https:\/\/ehpadpedoya.fr\/?blog_post=animations-sociales\" class=\"blog-more-link\"> En savoir plus<\/a>\n\t\t\t\t\t\t\t\t\t\t\t\t\t<\/div>\n\t\t\t\t\t\t\t\t\t\t\t<\/div>\n\t\t\t\t<\/div>\n\t\t\t<\/div>\n\t\t<\/div>\n\t\t\t<\/div>\n\t\n\t\n\n\n<p><\/p>\n","protected":false},"excerpt":{"rendered":"","protected":false},"author":2,"featured_media":0,"parent":0,"menu_order":0,"comment_status":"closed","ping_status":"closed","template":"","meta":{"ngg_post_thumbnail":0,"footnotes":""},"class_list":["post-185","page","type-page","status-publish","hentry","latest_post"],"yoast_head":"<!-- This site is optimized with the Yoast SEO plugin v27.3 - https:\/\/yoast.com\/product\/yoast-seo-wordpress\/ -->\n<title>Animations Sociales - R\u00e9sidence G\u00e9n\u00e9ral Gustave PEDOYA<\/title>\n<meta name=\"robots\" content=\"index, follow, max-snippet:-1, max-image-preview:large, max-video-preview:-1\" \/>\n<link rel=\"canonical\" href=\"https:\/\/ehpadpedoya.fr\/?page_id=185\" \/>\n<meta property=\"og:locale\" content=\"fr_FR\" \/>\n<meta property=\"og:type\" content=\"article\" \/>\n<meta property=\"og:title\" content=\"Animations Sociales - R\u00e9sidence G\u00e9n\u00e9ral Gustave PEDOYA\" \/>\n<meta property=\"og:url\" content=\"https:\/\/ehpadpedoya.fr\/?page_id=185\" \/>\n<meta property=\"og:site_name\" content=\"R\u00e9sidence G\u00e9n\u00e9ral Gustave PEDOYA\" \/>\n<meta property=\"article:modified_time\" content=\"2025-06-10T09:04:59+00:00\" \/>\n<meta name=\"twitter:card\" content=\"summary_large_image\" \/>\n<script type=\"application\/ld+json\" class=\"yoast-schema-graph\">{\"@context\":\"https:\\\/\\\/schema.org\",\"@graph\":[{\"@type\":\"WebPage\",\"@id\":\"https:\\\/\\\/ehpadpedoya.fr\\\/?page_id=185\",\"url\":\"https:\\\/\\\/ehpadpedoya.fr\\\/?page_id=185\",\"name\":\"Animations Sociales - R\u00e9sidence G\u00e9n\u00e9ral Gustave PEDOYA\",\"isPartOf\":{\"@id\":\"https:\\\/\\\/ehpadpedoya.fr\\\/#website\"},\"datePublished\":\"2025-05-12T09:31:30+00:00\",\"dateModified\":\"2025-06-10T09:04:59+00:00\",\"breadcrumb\":{\"@id\":\"https:\\\/\\\/ehpadpedoya.fr\\\/?page_id=185#breadcrumb\"},\"inLanguage\":\"fr-FR\",\"potentialAction\":[{\"@type\":\"ReadAction\",\"target\":[\"https:\\\/\\\/ehpadpedoya.fr\\\/?page_id=185\"]}]},{\"@type\":\"BreadcrumbList\",\"@id\":\"https:\\\/\\\/ehpadpedoya.fr\\\/?page_id=185#breadcrumb\",\"itemListElement\":[{\"@type\":\"ListItem\",\"position\":1,\"name\":\"Accueil\",\"item\":\"https:\\\/\\\/ehpadpedoya.fr\\\/\"},{\"@type\":\"ListItem\",\"position\":2,\"name\":\"Animations Sociales\"}]},{\"@type\":\"WebSite\",\"@id\":\"https:\\\/\\\/ehpadpedoya.fr\\\/#website\",\"url\":\"https:\\\/\\\/ehpadpedoya.fr\\\/\",\"name\":\"R\u00e9sidence G\u00e9n\u00e9ral Gustave P\u00e9doya\",\"description\":\"&quot;un cadre familial, un accompagnement personnalis\u00e9, une maison pour bien vivre ensemble&quot;\",\"publisher\":{\"@id\":\"https:\\\/\\\/ehpadpedoya.fr\\\/#organization\"},\"potentialAction\":[{\"@type\":\"SearchAction\",\"target\":{\"@type\":\"EntryPoint\",\"urlTemplate\":\"https:\\\/\\\/ehpadpedoya.fr\\\/?s={search_term_string}\"},\"query-input\":{\"@type\":\"PropertyValueSpecification\",\"valueRequired\":true,\"valueName\":\"search_term_string\"}}],\"inLanguage\":\"fr-FR\"},{\"@type\":\"Organization\",\"@id\":\"https:\\\/\\\/ehpadpedoya.fr\\\/#organization\",\"name\":\"R\u00e9sidence G\u00e9n\u00e9ral Gustave P\u00e9doya\",\"url\":\"https:\\\/\\\/ehpadpedoya.fr\\\/\",\"logo\":{\"@type\":\"ImageObject\",\"inLanguage\":\"fr-FR\",\"@id\":\"https:\\\/\\\/ehpadpedoya.fr\\\/#\\\/schema\\\/logo\\\/image\\\/\",\"url\":\"https:\\\/\\\/ehpadpedoya.fr\\\/wp-content\\\/uploads\\\/2025\\\/05\\\/cropped-Capture-decran-2025-05-14-155737.png\",\"contentUrl\":\"https:\\\/\\\/ehpadpedoya.fr\\\/wp-content\\\/uploads\\\/2025\\\/05\\\/cropped-Capture-decran-2025-05-14-155737.png\",\"width\":184,\"height\":189,\"caption\":\"R\u00e9sidence G\u00e9n\u00e9ral Gustave P\u00e9doya\"},\"image\":{\"@id\":\"https:\\\/\\\/ehpadpedoya.fr\\\/#\\\/schema\\\/logo\\\/image\\\/\"}}]}<\/script>\n<!-- \/ Yoast SEO plugin. -->","yoast_head_json":{"title":"Animations Sociales - R\u00e9sidence G\u00e9n\u00e9ral Gustave PEDOYA","robots":{"index":"index","follow":"follow","max-snippet":"max-snippet:-1","max-image-preview":"max-image-preview:large","max-video-preview":"max-video-preview:-1"},"canonical":"https:\/\/ehpadpedoya.fr\/?page_id=185","og_locale":"fr_FR","og_type":"article","og_title":"Animations Sociales - R\u00e9sidence G\u00e9n\u00e9ral Gustave PEDOYA","og_url":"https:\/\/ehpadpedoya.fr\/?page_id=185","og_site_name":"R\u00e9sidence G\u00e9n\u00e9ral Gustave PEDOYA","article_modified_time":"2025-06-10T09:04:59+00:00","twitter_card":"summary_large_image","schema":{"@context":"https:\/\/schema.org","@graph":[{"@type":"WebPage","@id":"https:\/\/ehpadpedoya.fr\/?page_id=185","url":"https:\/\/ehpadpedoya.fr\/?page_id=185","name":"Animations Sociales - R\u00e9sidence G\u00e9n\u00e9ral Gustave PEDOYA","isPartOf":{"@id":"https:\/\/ehpadpedoya.fr\/#website"},"datePublished":"2025-05-12T09:31:30+00:00","dateModified":"2025-06-10T09:04:59+00:00","breadcrumb":{"@id":"https:\/\/ehpadpedoya.fr\/?page_id=185#breadcrumb"},"inLanguage":"fr-FR","potentialAction":[{"@type":"ReadAction","target":["https:\/\/ehpadpedoya.fr\/?page_id=185"]}]},{"@type":"BreadcrumbList","@id":"https:\/\/ehpadpedoya.fr\/?page_id=185#breadcrumb","itemListElement":[{"@type":"ListItem","position":1,"name":"Accueil","item":"https:\/\/ehpadpedoya.fr\/"},{"@type":"ListItem","position":2,"name":"Animations Sociales"}]},{"@type":"WebSite","@id":"https:\/\/ehpadpedoya.fr\/#website","url":"https:\/\/ehpadpedoya.fr\/","name":"R\u00e9sidence G\u00e9n\u00e9ral Gustave P\u00e9doya","description":"&quot;un cadre familial, un accompagnement personnalis\u00e9, une maison pour bien vivre ensemble&quot;","publisher":{"@id":"https:\/\/ehpadpedoya.fr\/#organization"},"potentialAction":[{"@type":"SearchAction","target":{"@type":"EntryPoint","urlTemplate":"https:\/\/ehpadpedoya.fr\/?s={search_term_string}"},"query-input":{"@type":"PropertyValueSpecification","valueRequired":true,"valueName":"search_term_string"}}],"inLanguage":"fr-FR"},{"@type":"Organization","@id":"https:\/\/ehpadpedoya.fr\/#organization","name":"R\u00e9sidence G\u00e9n\u00e9ral Gustave P\u00e9doya","url":"https:\/\/ehpadpedoya.fr\/","logo":{"@type":"ImageObject","inLanguage":"fr-FR","@id":"https:\/\/ehpadpedoya.fr\/#\/schema\/logo\/image\/","url":"https:\/\/ehpadpedoya.fr\/wp-content\/uploads\/2025\/05\/cropped-Capture-decran-2025-05-14-155737.png","contentUrl":"https:\/\/ehpadpedoya.fr\/wp-content\/uploads\/2025\/05\/cropped-Capture-decran-2025-05-14-155737.png","width":184,"height":189,"caption":"R\u00e9sidence G\u00e9n\u00e9ral Gustave P\u00e9doya"},"image":{"@id":"https:\/\/ehpadpedoya.fr\/#\/schema\/logo\/image\/"}}]}},"_links":{"self":[{"href":"https:\/\/ehpadpedoya.fr\/index.php?rest_route=\/wp\/v2\/pages\/185","targetHints":{"allow":["GET"]}}],"collection":[{"href":"https:\/\/ehpadpedoya.fr\/index.php?rest_route=\/wp\/v2\/pages"}],"about":[{"href":"https:\/\/ehpadpedoya.fr\/index.php?rest_route=\/wp\/v2\/types\/page"}],"author":[{"embeddable":true,"href":"https:\/\/ehpadpedoya.fr\/index.php?rest_route=\/wp\/v2\/users\/2"}],"replies":[{"embeddable":true,"href":"https:\/\/ehpadpedoya.fr\/index.php?rest_route=%2Fwp%2Fv2%2Fcomments&post=185"}],"version-history":[{"count":2,"href":"https:\/\/ehpadpedoya.fr\/index.php?rest_route=\/wp\/v2\/pages\/185\/revisions"}],"predecessor-version":[{"id":307,"href":"https:\/\/ehpadpedoya.fr\/index.php?rest_route=\/wp\/v2\/pages\/185\/revisions\/307"}],"wp:attachment":[{"href":"https:\/\/ehpadpedoya.fr\/index.php?rest_route=%2Fwp%2Fv2%2Fmedia&parent=185"}],"curies":[{"name":"wp","href":"https:\/\/api.w.org\/{rel}","templated":true}]}}