{"id":195,"date":"2025-05-12T11:54:47","date_gmt":"2025-05-12T09:54:47","guid":{"rendered":"http:\/\/ehpadpedoya.fr\/?page_id=195"},"modified":"2025-12-09T14:47:01","modified_gmt":"2025-12-09T13:47:01","slug":"historique","status":"publish","type":"page","link":"https:\/\/ehpadpedoya.fr\/?page_id=195","title":{"rendered":"Gouvernance r\u00e9cente"},"content":{"rendered":"\n<p class=\"has-text-align-justify has-text-align-justify\"><p style=\"text-align: justify;\">En ao\u00fbt 2022, Vanessa Est\u00e8ve a pris ses fonctions comme nouvelle directrice de l\u2019EHPAD, succ\u00e9dant \u00e0 Patricia Baby.<\/p><\/p>\n\n\n\n<p class=\"has-text-align-justify has-text-align-justify\">Elle supervise une \u00e9quipe pluridisciplinaire de 60 personnes, au service des 65 r\u00e9sidents. Parmi ses projets figure la mise en place, vers 2025 et d\u2019un service autonomie renforc\u00e9.<\/p>\n\n\n\n<figure class=\"wp-block-image size-full\"><img loading=\"lazy\" decoding=\"async\" width=\"615\" height=\"645\" src=\"https:\/\/ehpadpedoya.fr\/wp-content\/uploads\/2025\/08\/Capture-decran-2025-08-21-094325.png\" alt=\"\" class=\"wp-image-401\" srcset=\"https:\/\/ehpadpedoya.fr\/wp-content\/uploads\/2025\/08\/Capture-decran-2025-08-21-094325.png 615w, https:\/\/ehpadpedoya.fr\/wp-content\/uploads\/2025\/08\/Capture-decran-2025-08-21-094325-286x300.png 286w, https:\/\/ehpadpedoya.fr\/wp-content\/uploads\/2025\/08\/Capture-decran-2025-08-21-094325-57x60.png 57w\" sizes=\"auto, (max-width: 615px) 100vw, 615px\" \/><\/figure>\n\n\n\n<h2 class=\"wp-block-heading\">Se concentrer sur le pr\u00e9sent et l&rsquo;avenir<\/h2>\n\n\n\n<p class=\"has-text-align-justify has-text-align-justify\">Aujourd\u2019hui, l\u2019EHPAD R\u00e9sidence Gustave Pedoya dispose d\u2019une capacit\u00e9 d\u2019environ 65 places : 50 en secteur central (logements F1, F1BIS ou doubles) et 15 places dans le pavillon fleuri s\u00e9curis\u00e9, avec acc\u00e8s \u00e0 un jardin central pour certains logements.<\/p>\n\n\n\n<p class=\"has-text-align-justify has-text-align-justify\">L\u2019\u00e9tablissement est g\u00e9r\u00e9 par le CCAS de La Bastide-de-S\u00e9rou, avec l\u2019agr\u00e9ment de l&rsquo;aide sociale et l\u2019APL pour l&rsquo;ensemble des logements.<\/p>\n\n\n\n<figure class=\"wp-block-image size-full\"><img loading=\"lazy\" decoding=\"async\" width=\"611\" height=\"679\" src=\"https:\/\/ehpadpedoya.fr\/wp-content\/uploads\/2025\/10\/Capture-decran-2025-10-23-100321.png\" alt=\"\" class=\"wp-image-745\" srcset=\"https:\/\/ehpadpedoya.fr\/wp-content\/uploads\/2025\/10\/Capture-decran-2025-10-23-100321.png 611w, https:\/\/ehpadpedoya.fr\/wp-content\/uploads\/2025\/10\/Capture-decran-2025-10-23-100321-270x300.png 270w, https:\/\/ehpadpedoya.fr\/wp-content\/uploads\/2025\/10\/Capture-decran-2025-10-23-100321-54x60.png 54w\" sizes=\"auto, (max-width: 611px) 100vw, 611px\" \/><\/figure>\n","protected":false},"excerpt":{"rendered":"<p>En ao\u00fbt 2022, Vanessa Est\u00e8ve a pris ses fonctions comme nouvelle directrice de l\u2019EHPAD, succ\u00e9dant \u00e0 Patricia Baby. Elle supervise une \u00e9quipe pluridisciplinaire de 60 &hellip; <\/p>\n","protected":false},"author":2,"featured_media":0,"parent":0,"menu_order":0,"comment_status":"closed","ping_status":"closed","template":"","meta":{"ngg_post_thumbnail":0,"footnotes":""},"class_list":["post-195","page","type-page","status-publish","hentry","latest_post"],"yoast_head":"<!-- This site is optimized with the Yoast SEO plugin v27.3 - https:\/\/yoast.com\/product\/yoast-seo-wordpress\/ -->\n<title>Gouvernance r\u00e9cente - R\u00e9sidence G\u00e9n\u00e9ral Gustave PEDOYA<\/title>\n<meta name=\"robots\" content=\"index, follow, max-snippet:-1, max-image-preview:large, max-video-preview:-1\" \/>\n<link rel=\"canonical\" href=\"https:\/\/ehpadpedoya.fr\/?page_id=195\" \/>\n<meta property=\"og:locale\" content=\"fr_FR\" \/>\n<meta property=\"og:type\" content=\"article\" \/>\n<meta property=\"og:title\" content=\"Gouvernance r\u00e9cente - R\u00e9sidence G\u00e9n\u00e9ral Gustave PEDOYA\" \/>\n<meta property=\"og:description\" content=\"En ao\u00fbt 2022, Vanessa Est\u00e8ve a pris ses fonctions comme nouvelle directrice de l\u2019EHPAD, succ\u00e9dant \u00e0 Patricia Baby. Elle supervise une \u00e9quipe pluridisciplinaire de 60 &hellip;\" \/>\n<meta property=\"og:url\" content=\"https:\/\/ehpadpedoya.fr\/?page_id=195\" \/>\n<meta property=\"og:site_name\" content=\"R\u00e9sidence G\u00e9n\u00e9ral Gustave PEDOYA\" \/>\n<meta property=\"article:modified_time\" content=\"2025-12-09T13:47:01+00:00\" \/>\n<meta property=\"og:image\" content=\"http:\/\/ehpadpedoya.fr\/wp-content\/uploads\/2025\/08\/Capture-decran-2025-08-21-094325.png\" \/>\n<meta name=\"twitter:card\" content=\"summary_large_image\" \/>\n<meta name=\"twitter:label1\" content=\"Dur\u00e9e de lecture estim\u00e9e\" \/>\n\t<meta name=\"twitter:data1\" content=\"1 minute\" \/>\n<script type=\"application\/ld+json\" class=\"yoast-schema-graph\">{\"@context\":\"https:\\\/\\\/schema.org\",\"@graph\":[{\"@type\":\"WebPage\",\"@id\":\"https:\\\/\\\/ehpadpedoya.fr\\\/?page_id=195\",\"url\":\"https:\\\/\\\/ehpadpedoya.fr\\\/?page_id=195\",\"name\":\"Gouvernance r\u00e9cente - R\u00e9sidence G\u00e9n\u00e9ral Gustave PEDOYA\",\"isPartOf\":{\"@id\":\"https:\\\/\\\/ehpadpedoya.fr\\\/#website\"},\"primaryImageOfPage\":{\"@id\":\"https:\\\/\\\/ehpadpedoya.fr\\\/?page_id=195#primaryimage\"},\"image\":{\"@id\":\"https:\\\/\\\/ehpadpedoya.fr\\\/?page_id=195#primaryimage\"},\"thumbnailUrl\":\"http:\\\/\\\/ehpadpedoya.fr\\\/wp-content\\\/uploads\\\/2025\\\/08\\\/Capture-decran-2025-08-21-094325.png\",\"datePublished\":\"2025-05-12T09:54:47+00:00\",\"dateModified\":\"2025-12-09T13:47:01+00:00\",\"breadcrumb\":{\"@id\":\"https:\\\/\\\/ehpadpedoya.fr\\\/?page_id=195#breadcrumb\"},\"inLanguage\":\"fr-FR\",\"potentialAction\":[{\"@type\":\"ReadAction\",\"target\":[\"https:\\\/\\\/ehpadpedoya.fr\\\/?page_id=195\"]}]},{\"@type\":\"ImageObject\",\"inLanguage\":\"fr-FR\",\"@id\":\"https:\\\/\\\/ehpadpedoya.fr\\\/?page_id=195#primaryimage\",\"url\":\"https:\\\/\\\/ehpadpedoya.fr\\\/wp-content\\\/uploads\\\/2025\\\/08\\\/Capture-decran-2025-08-21-094325.png\",\"contentUrl\":\"https:\\\/\\\/ehpadpedoya.fr\\\/wp-content\\\/uploads\\\/2025\\\/08\\\/Capture-decran-2025-08-21-094325.png\",\"width\":615,\"height\":645},{\"@type\":\"BreadcrumbList\",\"@id\":\"https:\\\/\\\/ehpadpedoya.fr\\\/?page_id=195#breadcrumb\",\"itemListElement\":[{\"@type\":\"ListItem\",\"position\":1,\"name\":\"Accueil\",\"item\":\"https:\\\/\\\/ehpadpedoya.fr\\\/\"},{\"@type\":\"ListItem\",\"position\":2,\"name\":\"Gouvernance r\u00e9cente\"}]},{\"@type\":\"WebSite\",\"@id\":\"https:\\\/\\\/ehpadpedoya.fr\\\/#website\",\"url\":\"https:\\\/\\\/ehpadpedoya.fr\\\/\",\"name\":\"R\u00e9sidence G\u00e9n\u00e9ral Gustave P\u00e9doya\",\"description\":\"&quot;un cadre familial, un accompagnement personnalis\u00e9, une maison pour bien vivre ensemble&quot;\",\"publisher\":{\"@id\":\"https:\\\/\\\/ehpadpedoya.fr\\\/#organization\"},\"potentialAction\":[{\"@type\":\"SearchAction\",\"target\":{\"@type\":\"EntryPoint\",\"urlTemplate\":\"https:\\\/\\\/ehpadpedoya.fr\\\/?s={search_term_string}\"},\"query-input\":{\"@type\":\"PropertyValueSpecification\",\"valueRequired\":true,\"valueName\":\"search_term_string\"}}],\"inLanguage\":\"fr-FR\"},{\"@type\":\"Organization\",\"@id\":\"https:\\\/\\\/ehpadpedoya.fr\\\/#organization\",\"name\":\"R\u00e9sidence G\u00e9n\u00e9ral Gustave P\u00e9doya\",\"url\":\"https:\\\/\\\/ehpadpedoya.fr\\\/\",\"logo\":{\"@type\":\"ImageObject\",\"inLanguage\":\"fr-FR\",\"@id\":\"https:\\\/\\\/ehpadpedoya.fr\\\/#\\\/schema\\\/logo\\\/image\\\/\",\"url\":\"https:\\\/\\\/ehpadpedoya.fr\\\/wp-content\\\/uploads\\\/2025\\\/05\\\/cropped-Capture-decran-2025-05-14-155737.png\",\"contentUrl\":\"https:\\\/\\\/ehpadpedoya.fr\\\/wp-content\\\/uploads\\\/2025\\\/05\\\/cropped-Capture-decran-2025-05-14-155737.png\",\"width\":184,\"height\":189,\"caption\":\"R\u00e9sidence G\u00e9n\u00e9ral Gustave P\u00e9doya\"},\"image\":{\"@id\":\"https:\\\/\\\/ehpadpedoya.fr\\\/#\\\/schema\\\/logo\\\/image\\\/\"}}]}<\/script>\n<!-- \/ Yoast SEO plugin. -->","yoast_head_json":{"title":"Gouvernance r\u00e9cente - R\u00e9sidence G\u00e9n\u00e9ral Gustave PEDOYA","robots":{"index":"index","follow":"follow","max-snippet":"max-snippet:-1","max-image-preview":"max-image-preview:large","max-video-preview":"max-video-preview:-1"},"canonical":"https:\/\/ehpadpedoya.fr\/?page_id=195","og_locale":"fr_FR","og_type":"article","og_title":"Gouvernance r\u00e9cente - R\u00e9sidence G\u00e9n\u00e9ral Gustave PEDOYA","og_description":"En ao\u00fbt 2022, Vanessa Est\u00e8ve a pris ses fonctions comme nouvelle directrice de l\u2019EHPAD, succ\u00e9dant \u00e0 Patricia Baby. Elle supervise une \u00e9quipe pluridisciplinaire de 60 &hellip;","og_url":"https:\/\/ehpadpedoya.fr\/?page_id=195","og_site_name":"R\u00e9sidence G\u00e9n\u00e9ral Gustave PEDOYA","article_modified_time":"2025-12-09T13:47:01+00:00","og_image":[{"url":"http:\/\/ehpadpedoya.fr\/wp-content\/uploads\/2025\/08\/Capture-decran-2025-08-21-094325.png","type":"","width":"","height":""}],"twitter_card":"summary_large_image","twitter_misc":{"Dur\u00e9e de lecture estim\u00e9e":"1 minute"},"schema":{"@context":"https:\/\/schema.org","@graph":[{"@type":"WebPage","@id":"https:\/\/ehpadpedoya.fr\/?page_id=195","url":"https:\/\/ehpadpedoya.fr\/?page_id=195","name":"Gouvernance r\u00e9cente - R\u00e9sidence G\u00e9n\u00e9ral Gustave PEDOYA","isPartOf":{"@id":"https:\/\/ehpadpedoya.fr\/#website"},"primaryImageOfPage":{"@id":"https:\/\/ehpadpedoya.fr\/?page_id=195#primaryimage"},"image":{"@id":"https:\/\/ehpadpedoya.fr\/?page_id=195#primaryimage"},"thumbnailUrl":"http:\/\/ehpadpedoya.fr\/wp-content\/uploads\/2025\/08\/Capture-decran-2025-08-21-094325.png","datePublished":"2025-05-12T09:54:47+00:00","dateModified":"2025-12-09T13:47:01+00:00","breadcrumb":{"@id":"https:\/\/ehpadpedoya.fr\/?page_id=195#breadcrumb"},"inLanguage":"fr-FR","potentialAction":[{"@type":"ReadAction","target":["https:\/\/ehpadpedoya.fr\/?page_id=195"]}]},{"@type":"ImageObject","inLanguage":"fr-FR","@id":"https:\/\/ehpadpedoya.fr\/?page_id=195#primaryimage","url":"https:\/\/ehpadpedoya.fr\/wp-content\/uploads\/2025\/08\/Capture-decran-2025-08-21-094325.png","contentUrl":"https:\/\/ehpadpedoya.fr\/wp-content\/uploads\/2025\/08\/Capture-decran-2025-08-21-094325.png","width":615,"height":645},{"@type":"BreadcrumbList","@id":"https:\/\/ehpadpedoya.fr\/?page_id=195#breadcrumb","itemListElement":[{"@type":"ListItem","position":1,"name":"Accueil","item":"https:\/\/ehpadpedoya.fr\/"},{"@type":"ListItem","position":2,"name":"Gouvernance r\u00e9cente"}]},{"@type":"WebSite","@id":"https:\/\/ehpadpedoya.fr\/#website","url":"https:\/\/ehpadpedoya.fr\/","name":"R\u00e9sidence G\u00e9n\u00e9ral Gustave P\u00e9doya","description":"&quot;un cadre familial, un accompagnement personnalis\u00e9, une maison pour bien vivre ensemble&quot;","publisher":{"@id":"https:\/\/ehpadpedoya.fr\/#organization"},"potentialAction":[{"@type":"SearchAction","target":{"@type":"EntryPoint","urlTemplate":"https:\/\/ehpadpedoya.fr\/?s={search_term_string}"},"query-input":{"@type":"PropertyValueSpecification","valueRequired":true,"valueName":"search_term_string"}}],"inLanguage":"fr-FR"},{"@type":"Organization","@id":"https:\/\/ehpadpedoya.fr\/#organization","name":"R\u00e9sidence G\u00e9n\u00e9ral Gustave P\u00e9doya","url":"https:\/\/ehpadpedoya.fr\/","logo":{"@type":"ImageObject","inLanguage":"fr-FR","@id":"https:\/\/ehpadpedoya.fr\/#\/schema\/logo\/image\/","url":"https:\/\/ehpadpedoya.fr\/wp-content\/uploads\/2025\/05\/cropped-Capture-decran-2025-05-14-155737.png","contentUrl":"https:\/\/ehpadpedoya.fr\/wp-content\/uploads\/2025\/05\/cropped-Capture-decran-2025-05-14-155737.png","width":184,"height":189,"caption":"R\u00e9sidence G\u00e9n\u00e9ral Gustave P\u00e9doya"},"image":{"@id":"https:\/\/ehpadpedoya.fr\/#\/schema\/logo\/image\/"}}]}},"_links":{"self":[{"href":"https:\/\/ehpadpedoya.fr\/index.php?rest_route=\/wp\/v2\/pages\/195","targetHints":{"allow":["GET"]}}],"collection":[{"href":"https:\/\/ehpadpedoya.fr\/index.php?rest_route=\/wp\/v2\/pages"}],"about":[{"href":"https:\/\/ehpadpedoya.fr\/index.php?rest_route=\/wp\/v2\/types\/page"}],"author":[{"embeddable":true,"href":"https:\/\/ehpadpedoya.fr\/index.php?rest_route=\/wp\/v2\/users\/2"}],"replies":[{"embeddable":true,"href":"https:\/\/ehpadpedoya.fr\/index.php?rest_route=%2Fwp%2Fv2%2Fcomments&post=195"}],"version-history":[{"count":9,"href":"https:\/\/ehpadpedoya.fr\/index.php?rest_route=\/wp\/v2\/pages\/195\/revisions"}],"predecessor-version":[{"id":815,"href":"https:\/\/ehpadpedoya.fr\/index.php?rest_route=\/wp\/v2\/pages\/195\/revisions\/815"}],"wp:attachment":[{"href":"https:\/\/ehpadpedoya.fr\/index.php?rest_route=%2Fwp%2Fv2%2Fmedia&parent=195"}],"curies":[{"name":"wp","href":"https:\/\/api.w.org\/{rel}","templated":true}]}}